{"id":3819,"date":"2022-02-16T15:31:44","date_gmt":"2022-02-16T15:31:44","guid":{"rendered":"https:\/\/coprecubrimientos.com\/?page_id=3819"},"modified":"2022-03-03T14:27:53","modified_gmt":"2022-03-03T14:27:53","slug":"cuba","status":"publish","type":"page","link":"https:\/\/coprecubrimientos.com\/en\/cuba\/","title":{"rendered":"Cuba"},"content":{"rendered":"<div data-elementor-type=\"wp-page\" data-elementor-id=\"3819\" class=\"elementor elementor-3819\">\n\t\t\t\t\t\t\t\t\t<section class=\"elementor-section elementor-top-section elementor-element elementor-element-4d2fe297 elementor-hidden-desktop elementor-hidden-tablet elementor-hidden-mobile elementor-section-boxed elementor-section-height-default elementor-section-height-default\" data-id=\"4d2fe297\" data-element_type=\"section\" data-settings=\"{&quot;background_background&quot;:&quot;classic&quot;}\">\n\t\t\t\t\t\t<div class=\"elementor-container elementor-column-gap-default\">\n\t\t\t\t\t<div class=\"elementor-column elementor-col-100 elementor-top-column elementor-element elementor-element-12be1ab3\" data-id=\"12be1ab3\" data-element_type=\"column\">\n\t\t\t<div class=\"elementor-widget-wrap elementor-element-populated\">\n\t\t\t\t\t\t\t\t<div class=\"elementor-element elementor-element-247726e0 elementor-widget elementor-widget-heading\" data-id=\"247726e0\" data-element_type=\"widget\" data-widget_type=\"heading.default\">\n\t\t\t\t<div class=\"elementor-widget-container\">\n\t\t\t<style>\/*! elementor - v3.18.0 - 20-12-2023 *\/\n.elementor-heading-title{padding:0;margin:0;line-height:1}.elementor-widget-heading .elementor-heading-title[class*=elementor-size-]>a{color:inherit;font-size:inherit;line-height:inherit}.elementor-widget-heading .elementor-heading-title.elementor-size-small{font-size:15px}.elementor-widget-heading .elementor-heading-title.elementor-size-medium{font-size:19px}.elementor-widget-heading .elementor-heading-title.elementor-size-large{font-size:29px}.elementor-widget-heading .elementor-heading-title.elementor-size-xl{font-size:39px}.elementor-widget-heading .elementor-heading-title.elementor-size-xxl{font-size:59px}<\/style><h1 class=\"elementor-heading-title elementor-size-default\"><span style=\"color:#0ea0cf\">Proyectos en Cuba<\/span> <\/h1>\t\t<\/div>\n\t\t\t\t<\/div>\n\t\t\t\t<div class=\"elementor-element elementor-element-349cb1e5 elementor-widget elementor-widget-text-editor\" data-id=\"349cb1e5\" data-element_type=\"widget\" data-widget_type=\"text-editor.default\">\n\t\t\t\t<div class=\"elementor-widget-container\">\n\t\t\t<style>\/*! elementor - v3.18.0 - 20-12-2023 *\/\n.elementor-widget-text-editor.elementor-drop-cap-view-stacked .elementor-drop-cap{background-color:#69727d;color:#fff}.elementor-widget-text-editor.elementor-drop-cap-view-framed .elementor-drop-cap{color:#69727d;border:3px solid;background-color:transparent}.elementor-widget-text-editor:not(.elementor-drop-cap-view-default) .elementor-drop-cap{margin-top:8px}.elementor-widget-text-editor:not(.elementor-drop-cap-view-default) .elementor-drop-cap-letter{width:1em;height:1em}.elementor-widget-text-editor .elementor-drop-cap{float:left;text-align:center;line-height:1;font-size:50px}.elementor-widget-text-editor .elementor-drop-cap-letter{display:inline-block}<\/style>\t\t\t\tProyectos en Cuba desarrollados con la ayuda de nuestros productos impermeabilizantes, morteros modificados, selladores y aditivos, pinturas arquitect\u00f3nicas, adhesivos para pisos y azulejos, recubrimientos acr\u00edlicos y productos auxiliares COP.\t\t\t\t\t\t<\/div>\n\t\t\t\t<\/div>\n\t\t\t\t\t<\/div>\n\t\t<\/div>\n\t\t\t\t\t\t\t<\/div>\n\t\t<\/section>\n\t\t\t\t<section class=\"elementor-section elementor-top-section elementor-element elementor-element-282f9578 elementor-section-boxed elementor-section-height-default elementor-section-height-default elementor-invisible\" data-id=\"282f9578\" data-element_type=\"section\" data-settings=\"{&quot;animation&quot;:&quot;slideInUp&quot;}\">\n\t\t\t\t\t\t<div class=\"elementor-container elementor-column-gap-default\">\n\t\t\t\t\t<div class=\"elementor-column elementor-col-100 elementor-top-column elementor-element elementor-element-55a1ef4\" data-id=\"55a1ef4\" data-element_type=\"column\">\n\t\t\t<div class=\"elementor-widget-wrap elementor-element-populated\">\n\t\t\t\t\t\t\t\t<div class=\"elementor-element elementor-element-72efea2a elementor-widget elementor-widget-timeline-widget-addon\" data-id=\"72efea2a\" data-element_type=\"widget\" data-widget_type=\"timeline-widget-addon.default\">\n\t\t\t\t<div class=\"elementor-widget-container\">\n\t\t\t<!-- ========= Timeline Widget Addon For Elementor 1.5.3 ========= -->\r\n<div id=\"twae-wrapper-72efea2a\" class=\"twae-vertical twae-wrapper  twae-both-sided\">   \r\n    <div class=\"twae-start\"><\/div>    \r\n    <div id=\"twea-timeline-72efea2a\" class=\"twae-timeline\" ><div id=\"story-2accfae\" class=\"twae-story twae-repeater-item twae-story-right twae-story-icon\">\r\n                <div class=\"twae-labels\" ><div class=\"twae-label-big\">2017<\/div><div class=\"twae-label-small\">La Habana, Cuba<\/div><\/div><div class=\"twae-icon\"><i aria-hidden=\"true\" class=\"fas fa-dot-circle\"><\/i><\/div><div class=\"twae-arrow\"><\/div><div class=\"twae-content\"><div class=\"twae-title\">Malecon La Habana<\/div><div class=\"twae-description\"><a style=\"color: black;text-decoration: none\" href=\"https:\/\/coprecubrimientos.com\/en\/proyectos\/malecon-la-habana\/\"><p style=\"text-align: justify\">Project developed with the use of the product PLASTICOP 1000 and ESTUCOP 3 in 1 in the project located in Malecon La Havana.<\/p><\/a><\/div>\r\n                <\/div>\r\n        <\/div><div id=\"story-332ff94\" class=\"twae-story twae-repeater-item twae-story-left twae-story-icon\">\r\n                <div class=\"twae-labels\" ><div class=\"twae-label-big\">2017<\/div><div class=\"twae-label-small\">Cuba<\/div><\/div><div class=\"twae-icon\"><i aria-hidden=\"true\" class=\"fas fa-dot-circle\"><\/i><\/div><div class=\"twae-arrow\"><\/div><div class=\"twae-content\"><div class=\"twae-title\">Jibacoa Cuba Hotel<\/div><div class=\"twae-description\"><a style=\"color: black;text-decoration: none\" href=\"https:\/\/coprecubrimientos.com\/en\/proyectos\/hotel-jibacoa-cuba\/\"><p style=\"text-align: justify\">Project developed with the use of the product ESTUCOP 3 in 1 in the project located in Cuba.<\/p><\/a><\/div>\r\n                <\/div>\r\n        <\/div><div id=\"story-6576f4f\" class=\"twae-story twae-repeater-item twae-story-right twae-story-icon\">\r\n                <div class=\"twae-labels\" ><div class=\"twae-label-big\">2018<\/div><div class=\"twae-label-small\">Camag\u00fcey, Cuba<\/div><\/div><div class=\"twae-icon\"><i aria-hidden=\"true\" class=\"fas fa-dot-circle\"><\/i><\/div><div class=\"twae-arrow\"><\/div><div class=\"twae-content\"><div class=\"twae-title\">San Juan de Dios Hostel<\/div><div class=\"twae-description\"><a style=\"color: black;text-decoration: none\" href=\"https:\/\/coprecubrimientos.com\/en\/proyectos\/hostal-san-juan-de-dios\/\">\n<p style=\"text-align: justify\">Project developed with the use of the products ESTUCOP FINE, ESTUCOP ANTISALTPETER and ESTUCOP 3 in 1 in the project located in the city of Camag\u00fcey.<\/p><\/a><\/div>\r\n                <\/div>\r\n        <\/div><\/div>\r\n    <div class=\"twae-end\"><\/div>\r\n    <\/div><style type=\"text\/css\">.elementor-3819 .elementor-element.elementor-element-72efea2a .twae-wrapper.twae-vertical .twae-story{margin-bottom:60px!important}.elementor-3819 .elementor-element.elementor-element-72efea2a .twae-wrapper{--tw-cbx-title-color:#00334E;}.elementor-3819 .elementor-element.elementor-element-72efea2a .twae-wrapper{--tw-lbl-big-color:#00334E;}.elementor-3819 .elementor-element.elementor-element-72efea2a .twae-wrapper{--tw-ibx-bg:#0EA0CF;}.elementor-3819 .elementor-element.elementor-element-72efea2a .twae-wrapper{--tw-cbx-bg:#F8F8F8}.elementor-3819 .elementor-element.elementor-element-72efea2a .twae-wrapper{--tw-line-bg:#C2C2C2}.elementor-3819 .elementor-element.elementor-element-72efea2a .twae-description{}<\/style>\t\t<\/div>\n\t\t\t\t<\/div>\n\t\t\t\t\t<\/div>\n\t\t<\/div>\n\t\t\t\t\t\t\t<\/div>\n\t\t<\/section>\n\t\t\t\t\t\t\t<\/div>","protected":false},"excerpt":{"rendered":"<p>Proyectos en Cuba Proyectos en Cuba desarrollados con la ayuda de nuestros productos impermeabilizantes, morteros modificados, selladores y aditivos, pinturas arquitect\u00f3nicas, adhesivos para pisos y azulejos, recubrimientos acr\u00edlicos y productos auxiliares COP. 2017 La Habana, Cuba Malec\u00f3n La Habana Proyecto desarrollado con la utilizaci\u00f3n del producto Platicop 1000 y Repello 3 en 1 en el [&hellip;]<\/p>","protected":false},"author":1,"featured_media":4259,"parent":0,"menu_order":0,"comment_status":"closed","ping_status":"closed","template":"","meta":[],"yoast_head":"<!-- This site is optimized with the Yoast SEO plugin v19.6.1 - https:\/\/yoast.com\/wordpress\/plugins\/seo\/ -->\n<title>Cuba -<\/title>\n<meta name=\"description\" content=\"Proyectos en M\u00e9xico desarrollados con la ayuda de nuestros productos impermeabilizantes, morteros modificados, selladores y aditivos, pinturas arquitect\u00f3nicas, adhesivos para pisos y azulejos, recubrimientos acr\u00edlicos y productos auxiliares COP.\" \/>\n<meta name=\"robots\" content=\"index, follow, max-snippet:-1, max-image-preview:large, max-video-preview:-1\" \/>\n<link rel=\"canonical\" href=\"https:\/\/coprecubrimientos.com\/en\/cuba\/\" \/>\n<meta property=\"og:locale\" content=\"en_US\" \/>\n<meta property=\"og:type\" content=\"article\" \/>\n<meta property=\"og:title\" content=\"Cuba -\" \/>\n<meta property=\"og:description\" content=\"Proyectos en M\u00e9xico desarrollados con la ayuda de nuestros productos impermeabilizantes, morteros modificados, selladores y aditivos, pinturas arquitect\u00f3nicas, adhesivos para pisos y azulejos, recubrimientos acr\u00edlicos y productos auxiliares COP.\" \/>\n<meta property=\"og:url\" content=\"https:\/\/coprecubrimientos.com\/en\/cuba\/\" \/>\n<meta property=\"article:modified_time\" content=\"2022-03-03T14:27:53+00:00\" \/>\n<meta property=\"og:image\" content=\"https:\/\/coprecubrimientos.com\/wp-content\/uploads\/2022\/03\/Flag_of_Cuba.svg.png\" \/>\n\t<meta property=\"og:image:width\" content=\"1200\" \/>\n\t<meta property=\"og:image:height\" content=\"600\" \/>\n\t<meta property=\"og:image:type\" content=\"image\/png\" \/>\n<meta name=\"twitter:card\" content=\"summary_large_image\" \/>\n<meta name=\"twitter:title\" content=\"Cuba -\" \/>\n<meta name=\"twitter:description\" content=\"Proyectos en M\u00e9xico desarrollados con la ayuda de nuestros productos impermeabilizantes, morteros modificados, selladores y aditivos, pinturas arquitect\u00f3nicas, adhesivos para pisos y azulejos, recubrimientos acr\u00edlicos y productos auxiliares COP.\" \/>\n<meta name=\"twitter:image\" content=\"https:\/\/coprecubrimientos.com\/wp-content\/uploads\/2022\/03\/Flag_of_Cuba.svg.png\" \/>\n<meta name=\"twitter:label1\" content=\"Est. reading time\" \/>\n\t<meta name=\"twitter:data1\" content=\"1 minute\" \/>\n<script type=\"application\/ld+json\" class=\"yoast-schema-graph\">{\"@context\":\"https:\/\/schema.org\",\"@graph\":[{\"@type\":\"WebPage\",\"@id\":\"https:\/\/coprecubrimientos.com\/cuba\/\",\"url\":\"https:\/\/coprecubrimientos.com\/cuba\/\",\"name\":\"Cuba -\",\"isPartOf\":{\"@id\":\"https:\/\/coprecubrimientos.com\/#website\"},\"datePublished\":\"2022-02-16T15:31:44+00:00\",\"dateModified\":\"2022-03-03T14:27:53+00:00\",\"description\":\"Proyectos en M\u00e9xico desarrollados con la ayuda de nuestros productos impermeabilizantes, morteros modificados, selladores y aditivos, pinturas arquitect\u00f3nicas, adhesivos para pisos y azulejos, recubrimientos acr\u00edlicos y productos auxiliares COP.\",\"breadcrumb\":{\"@id\":\"https:\/\/coprecubrimientos.com\/cuba\/#breadcrumb\"},\"inLanguage\":\"en-US\",\"potentialAction\":[{\"@type\":\"ReadAction\",\"target\":[\"https:\/\/coprecubrimientos.com\/cuba\/\"]}]},{\"@type\":\"BreadcrumbList\",\"@id\":\"https:\/\/coprecubrimientos.com\/cuba\/#breadcrumb\",\"itemListElement\":[{\"@type\":\"ListItem\",\"position\":1,\"name\":\"Home\",\"item\":\"https:\/\/coprecubrimientos.com\/\"},{\"@type\":\"ListItem\",\"position\":2,\"name\":\"Cuba\"}]},{\"@type\":\"WebSite\",\"@id\":\"https:\/\/coprecubrimientos.com\/#website\",\"url\":\"https:\/\/coprecubrimientos.com\/\",\"name\":\"\",\"description\":\"\",\"potentialAction\":[{\"@type\":\"SearchAction\",\"target\":{\"@type\":\"EntryPoint\",\"urlTemplate\":\"https:\/\/coprecubrimientos.com\/?s={search_term_string}\"},\"query-input\":\"required name=search_term_string\"}],\"inLanguage\":\"en-US\"}]}<\/script>\n<!-- \/ Yoast SEO plugin. -->","yoast_head_json":{"title":"Cuba -","description":"Proyectos en M\u00e9xico desarrollados con la ayuda de nuestros productos impermeabilizantes, morteros modificados, selladores y aditivos, pinturas arquitect\u00f3nicas, adhesivos para pisos y azulejos, recubrimientos acr\u00edlicos y productos auxiliares COP.","robots":{"index":"index","follow":"follow","max-snippet":"max-snippet:-1","max-image-preview":"max-image-preview:large","max-video-preview":"max-video-preview:-1"},"canonical":"https:\/\/coprecubrimientos.com\/en\/cuba\/","og_locale":"en_US","og_type":"article","og_title":"Cuba -","og_description":"Proyectos en M\u00e9xico desarrollados con la ayuda de nuestros productos impermeabilizantes, morteros modificados, selladores y aditivos, pinturas arquitect\u00f3nicas, adhesivos para pisos y azulejos, recubrimientos acr\u00edlicos y productos auxiliares COP.","og_url":"https:\/\/coprecubrimientos.com\/en\/cuba\/","article_modified_time":"2022-03-03T14:27:53+00:00","og_image":[{"width":1200,"height":600,"url":"https:\/\/coprecubrimientos.com\/wp-content\/uploads\/2022\/03\/Flag_of_Cuba.svg.png","type":"image\/png"}],"twitter_card":"summary_large_image","twitter_title":"Cuba -","twitter_description":"Proyectos en M\u00e9xico desarrollados con la ayuda de nuestros productos impermeabilizantes, morteros modificados, selladores y aditivos, pinturas arquitect\u00f3nicas, adhesivos para pisos y azulejos, recubrimientos acr\u00edlicos y productos auxiliares COP.","twitter_image":"https:\/\/coprecubrimientos.com\/wp-content\/uploads\/2022\/03\/Flag_of_Cuba.svg.png","twitter_misc":{"Est. reading time":"1 minute"},"schema":{"@context":"https:\/\/schema.org","@graph":[{"@type":"WebPage","@id":"https:\/\/coprecubrimientos.com\/cuba\/","url":"https:\/\/coprecubrimientos.com\/cuba\/","name":"Cuba -","isPartOf":{"@id":"https:\/\/coprecubrimientos.com\/#website"},"datePublished":"2022-02-16T15:31:44+00:00","dateModified":"2022-03-03T14:27:53+00:00","description":"Proyectos en M\u00e9xico desarrollados con la ayuda de nuestros productos impermeabilizantes, morteros modificados, selladores y aditivos, pinturas arquitect\u00f3nicas, adhesivos para pisos y azulejos, recubrimientos acr\u00edlicos y productos auxiliares COP.","breadcrumb":{"@id":"https:\/\/coprecubrimientos.com\/cuba\/#breadcrumb"},"inLanguage":"en-US","potentialAction":[{"@type":"ReadAction","target":["https:\/\/coprecubrimientos.com\/cuba\/"]}]},{"@type":"BreadcrumbList","@id":"https:\/\/coprecubrimientos.com\/cuba\/#breadcrumb","itemListElement":[{"@type":"ListItem","position":1,"name":"Home","item":"https:\/\/coprecubrimientos.com\/"},{"@type":"ListItem","position":2,"name":"Cuba"}]},{"@type":"WebSite","@id":"https:\/\/coprecubrimientos.com\/#website","url":"https:\/\/coprecubrimientos.com\/","name":"","description":"","potentialAction":[{"@type":"SearchAction","target":{"@type":"EntryPoint","urlTemplate":"https:\/\/coprecubrimientos.com\/?s={search_term_string}"},"query-input":"required name=search_term_string"}],"inLanguage":"en-US"}]}},"_links":{"self":[{"href":"https:\/\/coprecubrimientos.com\/en\/wp-json\/wp\/v2\/pages\/3819"}],"collection":[{"href":"https:\/\/coprecubrimientos.com\/en\/wp-json\/wp\/v2\/pages"}],"about":[{"href":"https:\/\/coprecubrimientos.com\/en\/wp-json\/wp\/v2\/types\/page"}],"author":[{"embeddable":true,"href":"https:\/\/coprecubrimientos.com\/en\/wp-json\/wp\/v2\/users\/1"}],"replies":[{"embeddable":true,"href":"https:\/\/coprecubrimientos.com\/en\/wp-json\/wp\/v2\/comments?post=3819"}],"version-history":[{"count":68,"href":"https:\/\/coprecubrimientos.com\/en\/wp-json\/wp\/v2\/pages\/3819\/revisions"}],"predecessor-version":[{"id":4413,"href":"https:\/\/coprecubrimientos.com\/en\/wp-json\/wp\/v2\/pages\/3819\/revisions\/4413"}],"wp:featuredmedia":[{"embeddable":true,"href":"https:\/\/coprecubrimientos.com\/en\/wp-json\/wp\/v2\/media\/4259"}],"wp:attachment":[{"href":"https:\/\/coprecubrimientos.com\/en\/wp-json\/wp\/v2\/media?parent=3819"}],"curies":[{"name":"wp","href":"https:\/\/api.w.org\/{rel}","templated":true}]}}