{"id":219,"date":"2021-11-03T01:45:27","date_gmt":"2021-11-03T01:45:27","guid":{"rendered":"https:\/\/coprecubrimientos.com\/?page_id=219"},"modified":"2023-09-15T19:07:12","modified_gmt":"2023-09-15T19:07:12","slug":"productos-auxiliares","status":"publish","type":"page","link":"https:\/\/coprecubrimientos.com\/en\/productos-auxiliares\/","title":{"rendered":"Auxiliary products"},"content":{"rendered":"<div data-elementor-type=\"wp-page\" data-elementor-id=\"219\" class=\"elementor elementor-219\">\n\t\t\t\t\t\t\t\t\t<section class=\"elementor-section elementor-top-section elementor-element elementor-element-1aea552d elementor-section-boxed elementor-section-height-default elementor-section-height-default\" data-id=\"1aea552d\" data-element_type=\"section\" data-settings=\"{&quot;background_background&quot;:&quot;classic&quot;}\">\n\t\t\t\t\t\t\t<div class=\"elementor-background-overlay\"><\/div>\n\t\t\t\t\t\t\t<div class=\"elementor-container elementor-column-gap-default\">\n\t\t\t\t\t<div class=\"elementor-column elementor-col-100 elementor-top-column elementor-element elementor-element-672e1687\" data-id=\"672e1687\" data-element_type=\"column\">\n\t\t\t<div class=\"elementor-widget-wrap elementor-element-populated\">\n\t\t\t\t\t\t\t\t<section class=\"elementor-section elementor-inner-section elementor-element elementor-element-7a56c2b8 elementor-section-boxed elementor-section-height-default elementor-section-height-default\" data-id=\"7a56c2b8\" data-element_type=\"section\">\n\t\t\t\t\t\t<div class=\"elementor-container elementor-column-gap-default\">\n\t\t\t\t\t<div class=\"elementor-column elementor-col-100 elementor-inner-column elementor-element elementor-element-2524c275\" data-id=\"2524c275\" data-element_type=\"column\" data-settings=\"{&quot;background_background&quot;:&quot;classic&quot;}\">\n\t\t\t<div class=\"elementor-widget-wrap elementor-element-populated\">\n\t\t\t\t\t\t\t\t<div class=\"elementor-element elementor-element-30bce6f6 elementor-widget elementor-widget-heading\" data-id=\"30bce6f6\" data-element_type=\"widget\" data-widget_type=\"heading.default\">\n\t\t\t\t<div class=\"elementor-widget-container\">\n\t\t\t<style>\/*! elementor - v3.18.0 - 20-12-2023 *\/\n.elementor-heading-title{padding:0;margin:0;line-height:1}.elementor-widget-heading .elementor-heading-title[class*=elementor-size-]>a{color:inherit;font-size:inherit;line-height:inherit}.elementor-widget-heading .elementor-heading-title.elementor-size-small{font-size:15px}.elementor-widget-heading .elementor-heading-title.elementor-size-medium{font-size:19px}.elementor-widget-heading .elementor-heading-title.elementor-size-large{font-size:29px}.elementor-widget-heading .elementor-heading-title.elementor-size-xl{font-size:39px}.elementor-widget-heading .elementor-heading-title.elementor-size-xxl{font-size:59px}<\/style><h2 class=\"elementor-heading-title elementor-size-default translation-block\"><span style=\"color:#0ea0cf\">Auxiliary<\/span> Products<\/h2>\t\t<\/div>\n\t\t\t\t<\/div>\n\t\t\t\t<div class=\"elementor-element elementor-element-7263dbc0 elementor-icon-list--layout-inline elementor-align-center elementor-list-item-link-full_width elementor-widget elementor-widget-icon-list\" data-id=\"7263dbc0\" data-element_type=\"widget\" data-widget_type=\"icon-list.default\">\n\t\t\t\t<div class=\"elementor-widget-container\">\n\t\t\t<link rel=\"stylesheet\" href=\"https:\/\/coprecubrimientos.com\/wp-content\/plugins\/elementor\/assets\/css\/widget-icon-list.min.css\">\t\t<ul class=\"elementor-icon-list-items elementor-inline-items\">\n\t\t\t\t\t\t\t<li class=\"elementor-icon-list-item elementor-inline-item\">\n\t\t\t\t\t\t\t\t\t\t<span class=\"elementor-icon-list-text\">Home<\/span>\n\t\t\t\t\t\t\t\t\t<\/li>\n\t\t\t\t\t\t\t\t<li class=\"elementor-icon-list-item elementor-inline-item\">\n\t\t\t\t\t\t\t\t\t\t\t<span class=\"elementor-icon-list-icon\">\n\t\t\t\t\t\t\t<i aria-hidden=\"true\" class=\"fas fa-chevron-right\"><\/i>\t\t\t\t\t\t<\/span>\n\t\t\t\t\t\t\t\t\t\t<span class=\"elementor-icon-list-text\"><\/span>\n\t\t\t\t\t\t\t\t\t<\/li>\n\t\t\t\t\t\t<\/ul>\n\t\t\t\t<\/div>\n\t\t\t\t<\/div>\n\t\t\t\t\t<\/div>\n\t\t<\/div>\n\t\t\t\t\t\t\t<\/div>\n\t\t<\/section>\n\t\t\t\t\t<\/div>\n\t\t<\/div>\n\t\t\t\t\t\t\t<\/div>\n\t\t<\/section>\n\t\t\t\t<section class=\"elementor-section elementor-top-section elementor-element elementor-element-cc6964f elementor-section-boxed elementor-section-height-default elementor-section-height-default\" data-id=\"cc6964f\" data-element_type=\"section\" data-settings=\"{&quot;background_background&quot;:&quot;classic&quot;}\">\n\t\t\t\t\t\t<div class=\"elementor-container elementor-column-gap-default\">\n\t\t\t\t\t<div class=\"elementor-column elementor-col-100 elementor-top-column elementor-element elementor-element-47a05634\" data-id=\"47a05634\" data-element_type=\"column\">\n\t\t\t<div class=\"elementor-widget-wrap elementor-element-populated\">\n\t\t\t\t\t\t\t\t<div class=\"elementor-element elementor-element-9190e63 elementor-widget elementor-widget-heading\" data-id=\"9190e63\" data-element_type=\"widget\" data-widget_type=\"heading.default\">\n\t\t\t\t<div class=\"elementor-widget-container\">\n\t\t\t<h2 class=\"elementor-heading-title elementor-size-default\">Products<\/h2>\t\t<\/div>\n\t\t\t\t<\/div>\n\t\t\t\t<div class=\"elementor-element elementor-element-27546910 elementor-widget elementor-widget-text-editor\" data-id=\"27546910\" data-element_type=\"widget\" data-widget_type=\"text-editor.default\">\n\t\t\t\t<div class=\"elementor-widget-container\">\n\t\t\t<style>\/*! elementor - v3.18.0 - 20-12-2023 *\/\n.elementor-widget-text-editor.elementor-drop-cap-view-stacked .elementor-drop-cap{background-color:#69727d;color:#fff}.elementor-widget-text-editor.elementor-drop-cap-view-framed .elementor-drop-cap{color:#69727d;border:3px solid;background-color:transparent}.elementor-widget-text-editor:not(.elementor-drop-cap-view-default) .elementor-drop-cap{margin-top:8px}.elementor-widget-text-editor:not(.elementor-drop-cap-view-default) .elementor-drop-cap-letter{width:1em;height:1em}.elementor-widget-text-editor .elementor-drop-cap{float:left;text-align:center;line-height:1;font-size:50px}.elementor-widget-text-editor .elementor-drop-cap-letter{display:inline-block}<\/style>\t\t\t\t<p>Complementary products for the implementation of protective systems on different substrates.<\/p>\t\t\t\t\t\t<\/div>\n\t\t\t\t<\/div>\n\t\t\t\t<section class=\"elementor-section elementor-inner-section elementor-element elementor-element-768f437c elementor-section-boxed elementor-section-height-default elementor-section-height-default\" data-id=\"768f437c\" data-element_type=\"section\">\n\t\t\t\t\t\t<div class=\"elementor-container elementor-column-gap-no\">\n\t\t\t\t\t<div class=\"elementor-column elementor-col-33 elementor-inner-column elementor-element elementor-element-793ce63f\" data-id=\"793ce63f\" data-element_type=\"column\">\n\t\t\t<div class=\"elementor-widget-wrap elementor-element-populated\">\n\t\t\t\t\t\t\t\t<div class=\"elementor-element elementor-element-2870502c elementor-position-top elementor-widget elementor-widget-image-box\" data-id=\"2870502c\" data-element_type=\"widget\" data-widget_type=\"image-box.default\">\n\t\t\t\t<div class=\"elementor-widget-container\">\n\t\t\t<style>\/*! elementor - v3.18.0 - 20-12-2023 *\/\n.elementor-widget-image-box .elementor-image-box-content{width:100%}@media (min-width:768px){.elementor-widget-image-box.elementor-position-left .elementor-image-box-wrapper,.elementor-widget-image-box.elementor-position-right .elementor-image-box-wrapper{display:flex}.elementor-widget-image-box.elementor-position-right .elementor-image-box-wrapper{text-align:right;flex-direction:row-reverse}.elementor-widget-image-box.elementor-position-left .elementor-image-box-wrapper{text-align:left;flex-direction:row}.elementor-widget-image-box.elementor-position-top .elementor-image-box-img{margin:auto}.elementor-widget-image-box.elementor-vertical-align-top .elementor-image-box-wrapper{align-items:flex-start}.elementor-widget-image-box.elementor-vertical-align-middle .elementor-image-box-wrapper{align-items:center}.elementor-widget-image-box.elementor-vertical-align-bottom .elementor-image-box-wrapper{align-items:flex-end}}@media (max-width:767px){.elementor-widget-image-box .elementor-image-box-img{margin-left:auto!important;margin-right:auto!important;margin-bottom:15px}}.elementor-widget-image-box .elementor-image-box-img{display:inline-block}.elementor-widget-image-box .elementor-image-box-title a{color:inherit}.elementor-widget-image-box .elementor-image-box-wrapper{text-align:center}.elementor-widget-image-box .elementor-image-box-description{margin:0}<\/style><div class=\"elementor-image-box-wrapper\"><figure class=\"elementor-image-box-img\"><a href=\"https:\/\/coprecubrimientos.com\/en\/productos-auxiliares\/malla-de-fibra-de-vidrio-130gr\/\" tabindex=\"-1\"><img fetchpriority=\"high\" width=\"232\" height=\"300\" src=\"https:\/\/coprecubrimientos.com\/wp-content\/uploads\/2021\/11\/Malla-COP-2.jpg\" class=\"attachment-medium size-medium wp-image-1205\" alt=\"Malla cop\" \/><\/a><\/figure><div class=\"elementor-image-box-content\"><h3 class=\"elementor-image-box-title\"><a href=\"https:\/\/coprecubrimientos.com\/en\/productos-auxiliares\/malla-de-fibra-de-vidrio-130gr\/\">FIBERGLASS MESH 130GR<\/a><\/h3><p class=\"elementor-image-box-description\">PREVENTION, TREATMENT OF CRACKS AND FISSURES IN CEMENTITIOUS SYSTEMS<\/p><\/div><\/div>\t\t<\/div>\n\t\t\t\t<\/div>\n\t\t\t\t\t<\/div>\n\t\t<\/div>\n\t\t\t\t<div class=\"elementor-column elementor-col-33 elementor-inner-column elementor-element elementor-element-430b1fce\" data-id=\"430b1fce\" data-element_type=\"column\">\n\t\t\t<div class=\"elementor-widget-wrap elementor-element-populated\">\n\t\t\t\t\t\t\t\t<div class=\"elementor-element elementor-element-6701a6e1 elementor-widget elementor-widget-image-box\" data-id=\"6701a6e1\" data-element_type=\"widget\" data-widget_type=\"image-box.default\">\n\t\t\t\t<div class=\"elementor-widget-container\">\n\t\t\t<div class=\"elementor-image-box-wrapper\"><\/div>\t\t<\/div>\n\t\t\t\t<\/div>\n\t\t\t\t\t<\/div>\n\t\t<\/div>\n\t\t\t\t<div class=\"elementor-column elementor-col-33 elementor-inner-column elementor-element elementor-element-3e6670b0\" data-id=\"3e6670b0\" data-element_type=\"column\">\n\t\t\t<div class=\"elementor-widget-wrap\">\n\t\t\t\t\t\t\t\t\t<\/div>\n\t\t<\/div>\n\t\t\t\t\t\t\t<\/div>\n\t\t<\/section>\n\t\t\t\t\t<\/div>\n\t\t<\/div>\n\t\t\t\t\t\t\t<\/div>\n\t\t<\/section>\n\t\t\t\t\t\t\t<\/div>","protected":false},"excerpt":{"rendered":"<p>PRODUCTOS AUXILIARES Home Productos Productos complementarios para la implementaci\u00f3n de los sistemas de protecci\u00f3n en diferentes sustratos. MALLA DE FIBRA DE VIDRIO 130GR PREVENCI\u00d3N Y TRATAMIENTO DE GRIETAS Y FISURAS EN SISTEMAS CEMENTICIOS<\/p>","protected":false},"author":1,"featured_media":98,"parent":0,"menu_order":0,"comment_status":"closed","ping_status":"closed","template":"","meta":[],"yoast_head":"<!-- This site is optimized with the Yoast SEO plugin v19.6.1 - https:\/\/yoast.com\/wordpress\/plugins\/seo\/ -->\n<title>Productos auxiliares -<\/title>\n<meta name=\"description\" content=\"Productos Auxiliares y\/o complementarios para la implementaci\u00f3n de los sistemas de protecci\u00f3n en diferentes sustratos.\" \/>\n<meta name=\"robots\" content=\"index, follow, max-snippet:-1, max-image-preview:large, max-video-preview:-1\" \/>\n<link rel=\"canonical\" href=\"https:\/\/coprecubrimientos.com\/en\/productos-auxiliares\/\" \/>\n<meta property=\"og:locale\" content=\"en_US\" \/>\n<meta property=\"og:type\" content=\"article\" \/>\n<meta property=\"og:title\" content=\"Productos auxiliares -\" \/>\n<meta property=\"og:description\" content=\"Productos Auxiliares y\/o complementarios para la implementaci\u00f3n de los sistemas de protecci\u00f3n en diferentes sustratos.\" \/>\n<meta property=\"og:url\" content=\"https:\/\/coprecubrimientos.com\/en\/productos-auxiliares\/\" \/>\n<meta property=\"article:modified_time\" content=\"2023-09-15T19:07:12+00:00\" \/>\n<meta property=\"og:image\" content=\"https:\/\/coprecubrimientos.com\/wp-content\/uploads\/2021\/11\/closeup-of-house-painting-renovation-e1623048576255.jpg\" \/>\n\t<meta property=\"og:image:width\" content=\"1440\" \/>\n\t<meta property=\"og:image:height\" content=\"961\" \/>\n\t<meta property=\"og:image:type\" content=\"image\/jpeg\" \/>\n<meta name=\"twitter:card\" content=\"summary_large_image\" \/>\n<meta name=\"twitter:label1\" content=\"Est. reading time\" \/>\n\t<meta name=\"twitter:data1\" content=\"1 minute\" \/>\n<script type=\"application\/ld+json\" class=\"yoast-schema-graph\">{\"@context\":\"https:\/\/schema.org\",\"@graph\":[{\"@type\":\"WebPage\",\"@id\":\"https:\/\/coprecubrimientos.com\/productos-auxiliares\/\",\"url\":\"https:\/\/coprecubrimientos.com\/productos-auxiliares\/\",\"name\":\"Productos auxiliares -\",\"isPartOf\":{\"@id\":\"https:\/\/coprecubrimientos.com\/#website\"},\"datePublished\":\"2021-11-03T01:45:27+00:00\",\"dateModified\":\"2023-09-15T19:07:12+00:00\",\"description\":\"Productos Auxiliares y\/o complementarios para la implementaci\u00f3n de los sistemas de protecci\u00f3n en diferentes sustratos.\",\"breadcrumb\":{\"@id\":\"https:\/\/coprecubrimientos.com\/productos-auxiliares\/#breadcrumb\"},\"inLanguage\":\"en-US\",\"potentialAction\":[{\"@type\":\"ReadAction\",\"target\":[\"https:\/\/coprecubrimientos.com\/productos-auxiliares\/\"]}]},{\"@type\":\"BreadcrumbList\",\"@id\":\"https:\/\/coprecubrimientos.com\/productos-auxiliares\/#breadcrumb\",\"itemListElement\":[{\"@type\":\"ListItem\",\"position\":1,\"name\":\"Home\",\"item\":\"https:\/\/coprecubrimientos.com\/\"},{\"@type\":\"ListItem\",\"position\":2,\"name\":\"Productos auxiliares\"}]},{\"@type\":\"WebSite\",\"@id\":\"https:\/\/coprecubrimientos.com\/#website\",\"url\":\"https:\/\/coprecubrimientos.com\/\",\"name\":\"\",\"description\":\"\",\"potentialAction\":[{\"@type\":\"SearchAction\",\"target\":{\"@type\":\"EntryPoint\",\"urlTemplate\":\"https:\/\/coprecubrimientos.com\/?s={search_term_string}\"},\"query-input\":\"required name=search_term_string\"}],\"inLanguage\":\"en-US\"}]}<\/script>\n<!-- \/ Yoast SEO plugin. -->","yoast_head_json":{"title":"Productos auxiliares -","description":"Productos Auxiliares y\/o complementarios para la implementaci\u00f3n de los sistemas de protecci\u00f3n en diferentes sustratos.","robots":{"index":"index","follow":"follow","max-snippet":"max-snippet:-1","max-image-preview":"max-image-preview:large","max-video-preview":"max-video-preview:-1"},"canonical":"https:\/\/coprecubrimientos.com\/en\/productos-auxiliares\/","og_locale":"en_US","og_type":"article","og_title":"Productos auxiliares -","og_description":"Productos Auxiliares y\/o complementarios para la implementaci\u00f3n de los sistemas de protecci\u00f3n en diferentes sustratos.","og_url":"https:\/\/coprecubrimientos.com\/en\/productos-auxiliares\/","article_modified_time":"2023-09-15T19:07:12+00:00","og_image":[{"width":1440,"height":961,"url":"https:\/\/coprecubrimientos.com\/wp-content\/uploads\/2021\/11\/closeup-of-house-painting-renovation-e1623048576255.jpg","type":"image\/jpeg"}],"twitter_card":"summary_large_image","twitter_misc":{"Est. reading time":"1 minute"},"schema":{"@context":"https:\/\/schema.org","@graph":[{"@type":"WebPage","@id":"https:\/\/coprecubrimientos.com\/productos-auxiliares\/","url":"https:\/\/coprecubrimientos.com\/productos-auxiliares\/","name":"Productos auxiliares -","isPartOf":{"@id":"https:\/\/coprecubrimientos.com\/#website"},"datePublished":"2021-11-03T01:45:27+00:00","dateModified":"2023-09-15T19:07:12+00:00","description":"Productos Auxiliares y\/o complementarios para la implementaci\u00f3n de los sistemas de protecci\u00f3n en diferentes sustratos.","breadcrumb":{"@id":"https:\/\/coprecubrimientos.com\/productos-auxiliares\/#breadcrumb"},"inLanguage":"en-US","potentialAction":[{"@type":"ReadAction","target":["https:\/\/coprecubrimientos.com\/productos-auxiliares\/"]}]},{"@type":"BreadcrumbList","@id":"https:\/\/coprecubrimientos.com\/productos-auxiliares\/#breadcrumb","itemListElement":[{"@type":"ListItem","position":1,"name":"Home","item":"https:\/\/coprecubrimientos.com\/"},{"@type":"ListItem","position":2,"name":"Productos auxiliares"}]},{"@type":"WebSite","@id":"https:\/\/coprecubrimientos.com\/#website","url":"https:\/\/coprecubrimientos.com\/","name":"","description":"","potentialAction":[{"@type":"SearchAction","target":{"@type":"EntryPoint","urlTemplate":"https:\/\/coprecubrimientos.com\/?s={search_term_string}"},"query-input":"required name=search_term_string"}],"inLanguage":"en-US"}]}},"_links":{"self":[{"href":"https:\/\/coprecubrimientos.com\/en\/wp-json\/wp\/v2\/pages\/219"}],"collection":[{"href":"https:\/\/coprecubrimientos.com\/en\/wp-json\/wp\/v2\/pages"}],"about":[{"href":"https:\/\/coprecubrimientos.com\/en\/wp-json\/wp\/v2\/types\/page"}],"author":[{"embeddable":true,"href":"https:\/\/coprecubrimientos.com\/en\/wp-json\/wp\/v2\/users\/1"}],"replies":[{"embeddable":true,"href":"https:\/\/coprecubrimientos.com\/en\/wp-json\/wp\/v2\/comments?post=219"}],"version-history":[{"count":60,"href":"https:\/\/coprecubrimientos.com\/en\/wp-json\/wp\/v2\/pages\/219\/revisions"}],"predecessor-version":[{"id":5667,"href":"https:\/\/coprecubrimientos.com\/en\/wp-json\/wp\/v2\/pages\/219\/revisions\/5667"}],"wp:featuredmedia":[{"embeddable":true,"href":"https:\/\/coprecubrimientos.com\/en\/wp-json\/wp\/v2\/media\/98"}],"wp:attachment":[{"href":"https:\/\/coprecubrimientos.com\/en\/wp-json\/wp\/v2\/media?parent=219"}],"curies":[{"name":"wp","href":"https:\/\/api.w.org\/{rel}","templated":true}]}}