{"id":218,"date":"2021-11-03T01:45:24","date_gmt":"2021-11-03T01:45:24","guid":{"rendered":"https:\/\/coprecubrimientos.com\/?page_id=218"},"modified":"2022-03-02T15:32:45","modified_gmt":"2022-03-02T15:32:45","slug":"pinturas-arquitectonicas","status":"publish","type":"page","link":"https:\/\/coprecubrimientos.com\/en\/pinturas-arquitectonicas\/","title":{"rendered":"Architectural paintings"},"content":{"rendered":"<div data-elementor-type=\"wp-page\" data-elementor-id=\"218\" class=\"elementor elementor-218\">\n\t\t\t\t\t\t\t\t\t<section class=\"elementor-section elementor-top-section elementor-element elementor-element-128c1c24 elementor-section-boxed elementor-section-height-default elementor-section-height-default\" data-id=\"128c1c24\" data-element_type=\"section\" data-settings=\"{&quot;background_background&quot;:&quot;classic&quot;}\">\n\t\t\t\t\t\t\t<div class=\"elementor-background-overlay\"><\/div>\n\t\t\t\t\t\t\t<div class=\"elementor-container elementor-column-gap-default\">\n\t\t\t\t\t<div class=\"elementor-column elementor-col-100 elementor-top-column elementor-element elementor-element-43bbeab4\" data-id=\"43bbeab4\" data-element_type=\"column\">\n\t\t\t<div class=\"elementor-widget-wrap elementor-element-populated\">\n\t\t\t\t\t\t\t\t<section class=\"elementor-section elementor-inner-section elementor-element elementor-element-59eac4a0 elementor-section-boxed elementor-section-height-default elementor-section-height-default\" data-id=\"59eac4a0\" data-element_type=\"section\">\n\t\t\t\t\t\t<div class=\"elementor-container elementor-column-gap-default\">\n\t\t\t\t\t<div class=\"elementor-column elementor-col-100 elementor-inner-column elementor-element elementor-element-3f9aa592\" data-id=\"3f9aa592\" data-element_type=\"column\" data-settings=\"{&quot;background_background&quot;:&quot;classic&quot;}\">\n\t\t\t<div class=\"elementor-widget-wrap elementor-element-populated\">\n\t\t\t\t\t\t\t\t<div class=\"elementor-element elementor-element-3129d9e7 elementor-widget elementor-widget-heading\" data-id=\"3129d9e7\" data-element_type=\"widget\" data-widget_type=\"heading.default\">\n\t\t\t\t<div class=\"elementor-widget-container\">\n\t\t\t<style>\/*! elementor - v3.18.0 - 20-12-2023 *\/\n.elementor-heading-title{padding:0;margin:0;line-height:1}.elementor-widget-heading .elementor-heading-title[class*=elementor-size-]>a{color:inherit;font-size:inherit;line-height:inherit}.elementor-widget-heading .elementor-heading-title.elementor-size-small{font-size:15px}.elementor-widget-heading .elementor-heading-title.elementor-size-medium{font-size:19px}.elementor-widget-heading .elementor-heading-title.elementor-size-large{font-size:29px}.elementor-widget-heading .elementor-heading-title.elementor-size-xl{font-size:39px}.elementor-widget-heading .elementor-heading-title.elementor-size-xxl{font-size:59px}<\/style><h2 class=\"elementor-heading-title elementor-size-default\"><span style=\"color:#0ea0cf\">Paintings<\/span> Architectural<\/h2>\t\t<\/div>\n\t\t\t\t<\/div>\n\t\t\t\t<div class=\"elementor-element elementor-element-7b3dabd elementor-icon-list--layout-inline elementor-align-center elementor-list-item-link-full_width elementor-widget elementor-widget-icon-list\" data-id=\"7b3dabd\" data-element_type=\"widget\" data-widget_type=\"icon-list.default\">\n\t\t\t\t<div class=\"elementor-widget-container\">\n\t\t\t<link rel=\"stylesheet\" href=\"https:\/\/coprecubrimientos.com\/wp-content\/plugins\/elementor\/assets\/css\/widget-icon-list.min.css\">\t\t<ul class=\"elementor-icon-list-items elementor-inline-items\">\n\t\t\t\t\t\t\t<li class=\"elementor-icon-list-item elementor-inline-item\">\n\t\t\t\t\t\t\t\t\t\t\t<a href=\"https:\/\/coprecubrimientos.com\/en\/coprecubrimientos.com\/\">\n\n\t\t\t\t\t\t\t\t\t\t\t<span class=\"elementor-icon-list-text\">Home<\/span>\n\t\t\t\t\t\t\t\t\t\t\t<\/a>\n\t\t\t\t\t\t\t\t\t<\/li>\n\t\t\t\t\t\t\t\t<li class=\"elementor-icon-list-item elementor-inline-item\">\n\t\t\t\t\t\t\t\t\t\t\t<span class=\"elementor-icon-list-icon\">\n\t\t\t\t\t\t\t<i aria-hidden=\"true\" class=\"fas fa-chevron-right\"><\/i>\t\t\t\t\t\t<\/span>\n\t\t\t\t\t\t\t\t\t\t<span class=\"elementor-icon-list-text\"><\/span>\n\t\t\t\t\t\t\t\t\t<\/li>\n\t\t\t\t\t\t<\/ul>\n\t\t\t\t<\/div>\n\t\t\t\t<\/div>\n\t\t\t\t\t<\/div>\n\t\t<\/div>\n\t\t\t\t\t\t\t<\/div>\n\t\t<\/section>\n\t\t\t\t\t<\/div>\n\t\t<\/div>\n\t\t\t\t\t\t\t<\/div>\n\t\t<\/section>\n\t\t\t\t<section class=\"elementor-section elementor-top-section elementor-element elementor-element-3bd0a003 elementor-section-boxed elementor-section-height-default elementor-section-height-default\" data-id=\"3bd0a003\" data-element_type=\"section\" data-settings=\"{&quot;background_background&quot;:&quot;classic&quot;}\">\n\t\t\t\t\t\t<div class=\"elementor-container elementor-column-gap-default\">\n\t\t\t\t\t<div class=\"elementor-column elementor-col-100 elementor-top-column elementor-element elementor-element-71224d65\" data-id=\"71224d65\" data-element_type=\"column\">\n\t\t\t<div class=\"elementor-widget-wrap elementor-element-populated\">\n\t\t\t\t\t\t\t\t<div class=\"elementor-element elementor-element-b64d6d6 elementor-widget elementor-widget-heading\" data-id=\"b64d6d6\" data-element_type=\"widget\" data-widget_type=\"heading.default\">\n\t\t\t\t<div class=\"elementor-widget-container\">\n\t\t\t<h2 class=\"elementor-heading-title elementor-size-default\">Products<\/h2>\t\t<\/div>\n\t\t\t\t<\/div>\n\t\t\t\t<div class=\"elementor-element elementor-element-1f85f8fa elementor-widget elementor-widget-text-editor\" data-id=\"1f85f8fa\" data-element_type=\"widget\" data-widget_type=\"text-editor.default\">\n\t\t\t\t<div class=\"elementor-widget-container\">\n\t\t\t<style>\/*! elementor - v3.18.0 - 20-12-2023 *\/\n.elementor-widget-text-editor.elementor-drop-cap-view-stacked .elementor-drop-cap{background-color:#69727d;color:#fff}.elementor-widget-text-editor.elementor-drop-cap-view-framed .elementor-drop-cap{color:#69727d;border:3px solid;background-color:transparent}.elementor-widget-text-editor:not(.elementor-drop-cap-view-default) .elementor-drop-cap{margin-top:8px}.elementor-widget-text-editor:not(.elementor-drop-cap-view-default) .elementor-drop-cap-letter{width:1em;height:1em}.elementor-widget-text-editor .elementor-drop-cap{float:left;text-align:center;line-height:1;font-size:50px}.elementor-widget-text-editor .elementor-drop-cap-letter{display:inline-block}<\/style>\t\t\t\t<p>Styrene and water-repellent acrylic coatings for the protection of interior and exterior wall and ceiling decoration.<\/p>\t\t\t\t\t\t<\/div>\n\t\t\t\t<\/div>\n\t\t\t\t<section class=\"elementor-section elementor-inner-section elementor-element elementor-element-6bc6191b elementor-section-boxed elementor-section-height-default elementor-section-height-default\" data-id=\"6bc6191b\" data-element_type=\"section\">\n\t\t\t\t\t\t<div class=\"elementor-container elementor-column-gap-no\">\n\t\t\t\t\t<div class=\"elementor-column elementor-col-33 elementor-inner-column elementor-element elementor-element-5356d434\" data-id=\"5356d434\" data-element_type=\"column\">\n\t\t\t<div class=\"elementor-widget-wrap elementor-element-populated\">\n\t\t\t\t\t\t\t\t<div class=\"elementor-element elementor-element-311364df elementor-position-top elementor-widget elementor-widget-image-box\" data-id=\"311364df\" data-element_type=\"widget\" data-widget_type=\"image-box.default\">\n\t\t\t\t<div class=\"elementor-widget-container\">\n\t\t\t<style>\/*! elementor - v3.18.0 - 20-12-2023 *\/\n.elementor-widget-image-box .elementor-image-box-content{width:100%}@media (min-width:768px){.elementor-widget-image-box.elementor-position-left .elementor-image-box-wrapper,.elementor-widget-image-box.elementor-position-right .elementor-image-box-wrapper{display:flex}.elementor-widget-image-box.elementor-position-right .elementor-image-box-wrapper{text-align:right;flex-direction:row-reverse}.elementor-widget-image-box.elementor-position-left .elementor-image-box-wrapper{text-align:left;flex-direction:row}.elementor-widget-image-box.elementor-position-top .elementor-image-box-img{margin:auto}.elementor-widget-image-box.elementor-vertical-align-top .elementor-image-box-wrapper{align-items:flex-start}.elementor-widget-image-box.elementor-vertical-align-middle .elementor-image-box-wrapper{align-items:center}.elementor-widget-image-box.elementor-vertical-align-bottom .elementor-image-box-wrapper{align-items:flex-end}}@media (max-width:767px){.elementor-widget-image-box .elementor-image-box-img{margin-left:auto!important;margin-right:auto!important;margin-bottom:15px}}.elementor-widget-image-box .elementor-image-box-img{display:inline-block}.elementor-widget-image-box .elementor-image-box-title a{color:inherit}.elementor-widget-image-box .elementor-image-box-wrapper{text-align:center}.elementor-widget-image-box .elementor-image-box-description{margin:0}<\/style><div class=\"elementor-image-box-wrapper\"><figure class=\"elementor-image-box-img\"><a href=\"https:\/\/coprecubrimientos.com\/en\/pinturas-arquitectonicas\/pintucril\/\" tabindex=\"-1\"><img fetchpriority=\"high\" width=\"232\" height=\"300\" src=\"https:\/\/coprecubrimientos.com\/wp-content\/uploads\/2021\/12\/pintucril.jpg\" class=\"attachment-medium size-medium wp-image-2352\" alt=\"pintucril\" \/><\/a><\/figure><div class=\"elementor-image-box-content\"><h3 class=\"elementor-image-box-title\"><a href=\"https:\/\/coprecubrimientos.com\/en\/pinturas-arquitectonicas\/pintucril\/\">PINTUCRIL<\/a><\/h3><p class=\"elementor-image-box-description\">POWDER PAINT FOR MIXING WITH WATER AND DECORATING INTERIOR AND EXTERIOR SURFACES<\/p><\/div><\/div>\t\t<\/div>\n\t\t\t\t<\/div>\n\t\t\t\t\t<\/div>\n\t\t<\/div>\n\t\t\t\t<div class=\"elementor-column elementor-col-33 elementor-inner-column elementor-element elementor-element-49282875\" data-id=\"49282875\" data-element_type=\"column\">\n\t\t\t<div class=\"elementor-widget-wrap elementor-element-populated\">\n\t\t\t\t\t\t\t\t<div class=\"elementor-element elementor-element-1814c8e3 elementor-position-top elementor-widget elementor-widget-image-box\" data-id=\"1814c8e3\" data-element_type=\"widget\" data-widget_type=\"image-box.default\">\n\t\t\t\t<div class=\"elementor-widget-container\">\n\t\t\t<div class=\"elementor-image-box-wrapper\"><figure class=\"elementor-image-box-img\"><a href=\"https:\/\/coprecubrimientos.com\/en\/pinturas-arquitectonicas\/intercril\/\" tabindex=\"-1\"><img width=\"232\" height=\"300\" src=\"https:\/\/coprecubrimientos.com\/wp-content\/uploads\/2021\/11\/Cubeta-COP.jpg\" class=\"attachment-medium size-medium wp-image-1169\" alt=\"cubeta cop recubrimientos pinturas\" \/><\/a><\/figure><div class=\"elementor-image-box-content\"><h3 class=\"elementor-image-box-title\"><a href=\"https:\/\/coprecubrimientos.com\/en\/pinturas-arquitectonicas\/intercril\/\">INTERCRIL<\/a><\/h3><p class=\"elementor-image-box-description\">DECORATION OF WALLS AND CEILINGS<\/p><\/div><\/div>\t\t<\/div>\n\t\t\t\t<\/div>\n\t\t\t\t\t<\/div>\n\t\t<\/div>\n\t\t\t\t<div class=\"elementor-column elementor-col-33 elementor-inner-column elementor-element elementor-element-987ba37\" data-id=\"987ba37\" data-element_type=\"column\">\n\t\t\t<div class=\"elementor-widget-wrap elementor-element-populated\">\n\t\t\t\t\t\t\t\t<div class=\"elementor-element elementor-element-5ae146d elementor-position-top elementor-widget elementor-widget-image-box\" data-id=\"5ae146d\" data-element_type=\"widget\" data-widget_type=\"image-box.default\">\n\t\t\t\t<div class=\"elementor-widget-container\">\n\t\t\t<div class=\"elementor-image-box-wrapper\"><figure class=\"elementor-image-box-img\"><a href=\"https:\/\/coprecubrimientos.com\/en\/pinturas-arquitectonicas\/traficop\/\" tabindex=\"-1\"><img width=\"232\" height=\"300\" src=\"https:\/\/coprecubrimientos.com\/wp-content\/uploads\/2021\/11\/Cubeta-COP.jpg\" class=\"attachment-medium size-medium wp-image-1169\" alt=\"cubeta cop recubrimientos pinturas\" \/><\/a><\/figure><div class=\"elementor-image-box-content\"><h3 class=\"elementor-image-box-title\"><a href=\"https:\/\/coprecubrimientos.com\/en\/pinturas-arquitectonicas\/traficop\/\">TRAFICOP<\/a><\/h3><p class=\"elementor-image-box-description\">FOR SIGNAGE ON ROADS, STREETS, PARKING LOTS AND PEDESTRIAN CROSSINGS<\/p><\/div><\/div>\t\t<\/div>\n\t\t\t\t<\/div>\n\t\t\t\t\t<\/div>\n\t\t<\/div>\n\t\t\t\t\t\t\t<\/div>\n\t\t<\/section>\n\t\t\t\t<section class=\"elementor-section elementor-inner-section elementor-element elementor-element-3fce9c3d elementor-section-boxed elementor-section-height-default elementor-section-height-default\" data-id=\"3fce9c3d\" data-element_type=\"section\">\n\t\t\t\t\t\t<div class=\"elementor-container elementor-column-gap-no\">\n\t\t\t\t\t<div class=\"elementor-column elementor-col-33 elementor-inner-column elementor-element elementor-element-58aa1e2\" data-id=\"58aa1e2\" data-element_type=\"column\">\n\t\t\t<div class=\"elementor-widget-wrap elementor-element-populated\">\n\t\t\t\t\t\t\t\t<div class=\"elementor-element elementor-element-f2d629b elementor-position-top elementor-widget elementor-widget-image-box\" data-id=\"f2d629b\" data-element_type=\"widget\" data-widget_type=\"image-box.default\">\n\t\t\t\t<div class=\"elementor-widget-container\">\n\t\t\t<div class=\"elementor-image-box-wrapper\"><figure class=\"elementor-image-box-img\"><a href=\"https:\/\/coprecubrimientos.com\/en\/pinturas-arquitectonicas\/acrilac-5000\/\" tabindex=\"-1\"><img width=\"232\" height=\"300\" src=\"https:\/\/coprecubrimientos.com\/wp-content\/uploads\/2021\/11\/Cubeta-COP.jpg\" class=\"attachment-medium size-medium wp-image-1169\" alt=\"cubeta cop recubrimientos pinturas\" \/><\/a><\/figure><div class=\"elementor-image-box-content\"><h3 class=\"elementor-image-box-title\"><a href=\"https:\/\/coprecubrimientos.com\/en\/pinturas-arquitectonicas\/acrilac-5000\/\">ACRILAC 5000 H HIDR\u00d3FUGA<\/a><\/h3><p class=\"elementor-image-box-description\">DECORATION, PROTECTION OF WALLS AND CEILINGS INDOORS AND OUTDOORS (5 YEARS)<\/p><\/div><\/div>\t\t<\/div>\n\t\t\t\t<\/div>\n\t\t\t\t\t<\/div>\n\t\t<\/div>\n\t\t\t\t<div class=\"elementor-column elementor-col-33 elementor-inner-column elementor-element elementor-element-201b6bd2\" data-id=\"201b6bd2\" data-element_type=\"column\">\n\t\t\t<div class=\"elementor-widget-wrap elementor-element-populated\">\n\t\t\t\t\t\t\t\t<div class=\"elementor-element elementor-element-5cc23167 elementor-position-top elementor-widget elementor-widget-image-box\" data-id=\"5cc23167\" data-element_type=\"widget\" data-widget_type=\"image-box.default\">\n\t\t\t\t<div class=\"elementor-widget-container\">\n\t\t\t<div class=\"elementor-image-box-wrapper\"><figure class=\"elementor-image-box-img\"><a href=\"https:\/\/coprecubrimientos.com\/en\/pinturas-arquitectonicas\/acrilplus-7000h\/\" tabindex=\"-1\"><img width=\"232\" height=\"300\" src=\"https:\/\/coprecubrimientos.com\/wp-content\/uploads\/2021\/11\/Cubeta-COP.jpg\" class=\"attachment-medium size-medium wp-image-1169\" alt=\"cubeta cop recubrimientos pinturas\" \/><\/a><\/figure><div class=\"elementor-image-box-content\"><h3 class=\"elementor-image-box-title\"><a href=\"https:\/\/coprecubrimientos.com\/en\/pinturas-arquitectonicas\/acrilplus-7000h\/\">ACRILPLUS 7000 H HIDR\u00d3FUGA<\/a><\/h3><p class=\"elementor-image-box-description\">DECORATION, PROTECTION OF WALLS AND CEILINGS INDOORS AND OUTDOORS (7 YEARS)<\/p><\/div><\/div>\t\t<\/div>\n\t\t\t\t<\/div>\n\t\t\t\t\t<\/div>\n\t\t<\/div>\n\t\t\t\t<div class=\"elementor-column elementor-col-33 elementor-inner-column elementor-element elementor-element-646e62fd\" data-id=\"646e62fd\" data-element_type=\"column\">\n\t\t\t<div class=\"elementor-widget-wrap\">\n\t\t\t\t\t\t\t\t\t<\/div>\n\t\t<\/div>\n\t\t\t\t\t\t\t<\/div>\n\t\t<\/section>\n\t\t\t\t\t<\/div>\n\t\t<\/div>\n\t\t\t\t\t\t\t<\/div>\n\t\t<\/section>\n\t\t\t\t\t\t\t<\/div>","protected":false},"excerpt":{"rendered":"<p>Pinturas arquitect\u00f3nicas Home Productos Recubrimientos acr\u00edlicos estirenados e hidr\u00f3fugos para la protecci\u00f3n y decoraci\u00f3n de muros y plafones en exteriores e interiores. PINTUCRIL PINTURA EN POLVO PARA MEZCLAR CON AGUA Y DECORAR SUPERFICIES INTERIORES Y EXTERIORES INTERCRIL DECORACI\u00d3N DE MUROS Y PLAFONES TRAFICOP PARA SE\u00d1ALIZACI\u00d3N EN CARRETERAS, CALLES, ESTACIONAMIENTOS Y PASOS PEATONALES ACRILAC 5000 H [&hellip;]<\/p>","protected":false},"author":1,"featured_media":36,"parent":0,"menu_order":0,"comment_status":"closed","ping_status":"closed","template":"","meta":[],"yoast_head":"<!-- This site is optimized with the Yoast SEO plugin v19.6.1 - https:\/\/yoast.com\/wordpress\/plugins\/seo\/ -->\n<title>Pinturas arquitect\u00f3nicas -<\/title>\n<meta name=\"description\" content=\"Recubrimientos acr\u00edlicos estirenados e hidr\u00f3fugos para la protecci\u00f3n y decoraci\u00f3n de muros y plafones en exteriores e interiores.\" \/>\n<meta name=\"robots\" content=\"index, follow, max-snippet:-1, max-image-preview:large, max-video-preview:-1\" \/>\n<link rel=\"canonical\" href=\"https:\/\/coprecubrimientos.com\/en\/pinturas-arquitectonicas\/\" \/>\n<meta property=\"og:locale\" content=\"en_US\" \/>\n<meta property=\"og:type\" content=\"article\" \/>\n<meta property=\"og:title\" content=\"Pinturas arquitect\u00f3nicas -\" \/>\n<meta property=\"og:description\" content=\"Recubrimientos acr\u00edlicos estirenados e hidr\u00f3fugos para la protecci\u00f3n y decoraci\u00f3n de muros y plafones en exteriores e interiores.\" \/>\n<meta property=\"og:url\" content=\"https:\/\/coprecubrimientos.com\/en\/pinturas-arquitectonicas\/\" \/>\n<meta property=\"article:modified_time\" content=\"2022-03-02T15:32:45+00:00\" \/>\n<meta property=\"og:image\" content=\"https:\/\/coprecubrimientos.com\/wp-content\/uploads\/2021\/11\/people-renovating-the-house-1.jpg\" \/>\n\t<meta property=\"og:image:width\" content=\"2000\" \/>\n\t<meta property=\"og:image:height\" content=\"1469\" \/>\n\t<meta property=\"og:image:type\" content=\"image\/jpeg\" \/>\n<meta name=\"twitter:card\" content=\"summary_large_image\" \/>\n<meta name=\"twitter:label1\" content=\"Est. reading time\" \/>\n\t<meta name=\"twitter:data1\" content=\"2 minutes\" \/>\n<script type=\"application\/ld+json\" class=\"yoast-schema-graph\">{\"@context\":\"https:\/\/schema.org\",\"@graph\":[{\"@type\":\"WebPage\",\"@id\":\"https:\/\/coprecubrimientos.com\/pinturas-arquitectonicas\/\",\"url\":\"https:\/\/coprecubrimientos.com\/pinturas-arquitectonicas\/\",\"name\":\"Pinturas arquitect\u00f3nicas -\",\"isPartOf\":{\"@id\":\"https:\/\/coprecubrimientos.com\/#website\"},\"datePublished\":\"2021-11-03T01:45:24+00:00\",\"dateModified\":\"2022-03-02T15:32:45+00:00\",\"description\":\"Recubrimientos acr\u00edlicos estirenados e hidr\u00f3fugos para la protecci\u00f3n y decoraci\u00f3n de muros y plafones en exteriores e interiores.\",\"breadcrumb\":{\"@id\":\"https:\/\/coprecubrimientos.com\/pinturas-arquitectonicas\/#breadcrumb\"},\"inLanguage\":\"en-US\",\"potentialAction\":[{\"@type\":\"ReadAction\",\"target\":[\"https:\/\/coprecubrimientos.com\/pinturas-arquitectonicas\/\"]}]},{\"@type\":\"BreadcrumbList\",\"@id\":\"https:\/\/coprecubrimientos.com\/pinturas-arquitectonicas\/#breadcrumb\",\"itemListElement\":[{\"@type\":\"ListItem\",\"position\":1,\"name\":\"Home\",\"item\":\"https:\/\/coprecubrimientos.com\/\"},{\"@type\":\"ListItem\",\"position\":2,\"name\":\"Pinturas arquitect\u00f3nicas\"}]},{\"@type\":\"WebSite\",\"@id\":\"https:\/\/coprecubrimientos.com\/#website\",\"url\":\"https:\/\/coprecubrimientos.com\/\",\"name\":\"\",\"description\":\"\",\"potentialAction\":[{\"@type\":\"SearchAction\",\"target\":{\"@type\":\"EntryPoint\",\"urlTemplate\":\"https:\/\/coprecubrimientos.com\/?s={search_term_string}\"},\"query-input\":\"required name=search_term_string\"}],\"inLanguage\":\"en-US\"}]}<\/script>\n<!-- \/ Yoast SEO plugin. -->","yoast_head_json":{"title":"Pinturas arquitect\u00f3nicas -","description":"Recubrimientos acr\u00edlicos estirenados e hidr\u00f3fugos para la protecci\u00f3n y decoraci\u00f3n de muros y plafones en exteriores e interiores.","robots":{"index":"index","follow":"follow","max-snippet":"max-snippet:-1","max-image-preview":"max-image-preview:large","max-video-preview":"max-video-preview:-1"},"canonical":"https:\/\/coprecubrimientos.com\/en\/pinturas-arquitectonicas\/","og_locale":"en_US","og_type":"article","og_title":"Pinturas arquitect\u00f3nicas -","og_description":"Recubrimientos acr\u00edlicos estirenados e hidr\u00f3fugos para la protecci\u00f3n y decoraci\u00f3n de muros y plafones en exteriores e interiores.","og_url":"https:\/\/coprecubrimientos.com\/en\/pinturas-arquitectonicas\/","article_modified_time":"2022-03-02T15:32:45+00:00","og_image":[{"width":2000,"height":1469,"url":"https:\/\/coprecubrimientos.com\/wp-content\/uploads\/2021\/11\/people-renovating-the-house-1.jpg","type":"image\/jpeg"}],"twitter_card":"summary_large_image","twitter_misc":{"Est. reading time":"2 minutes"},"schema":{"@context":"https:\/\/schema.org","@graph":[{"@type":"WebPage","@id":"https:\/\/coprecubrimientos.com\/pinturas-arquitectonicas\/","url":"https:\/\/coprecubrimientos.com\/pinturas-arquitectonicas\/","name":"Pinturas arquitect\u00f3nicas -","isPartOf":{"@id":"https:\/\/coprecubrimientos.com\/#website"},"datePublished":"2021-11-03T01:45:24+00:00","dateModified":"2022-03-02T15:32:45+00:00","description":"Recubrimientos acr\u00edlicos estirenados e hidr\u00f3fugos para la protecci\u00f3n y decoraci\u00f3n de muros y plafones en exteriores e interiores.","breadcrumb":{"@id":"https:\/\/coprecubrimientos.com\/pinturas-arquitectonicas\/#breadcrumb"},"inLanguage":"en-US","potentialAction":[{"@type":"ReadAction","target":["https:\/\/coprecubrimientos.com\/pinturas-arquitectonicas\/"]}]},{"@type":"BreadcrumbList","@id":"https:\/\/coprecubrimientos.com\/pinturas-arquitectonicas\/#breadcrumb","itemListElement":[{"@type":"ListItem","position":1,"name":"Home","item":"https:\/\/coprecubrimientos.com\/"},{"@type":"ListItem","position":2,"name":"Pinturas arquitect\u00f3nicas"}]},{"@type":"WebSite","@id":"https:\/\/coprecubrimientos.com\/#website","url":"https:\/\/coprecubrimientos.com\/","name":"","description":"","potentialAction":[{"@type":"SearchAction","target":{"@type":"EntryPoint","urlTemplate":"https:\/\/coprecubrimientos.com\/?s={search_term_string}"},"query-input":"required name=search_term_string"}],"inLanguage":"en-US"}]}},"_links":{"self":[{"href":"https:\/\/coprecubrimientos.com\/en\/wp-json\/wp\/v2\/pages\/218"}],"collection":[{"href":"https:\/\/coprecubrimientos.com\/en\/wp-json\/wp\/v2\/pages"}],"about":[{"href":"https:\/\/coprecubrimientos.com\/en\/wp-json\/wp\/v2\/types\/page"}],"author":[{"embeddable":true,"href":"https:\/\/coprecubrimientos.com\/en\/wp-json\/wp\/v2\/users\/1"}],"replies":[{"embeddable":true,"href":"https:\/\/coprecubrimientos.com\/en\/wp-json\/wp\/v2\/comments?post=218"}],"version-history":[{"count":75,"href":"https:\/\/coprecubrimientos.com\/en\/wp-json\/wp\/v2\/pages\/218\/revisions"}],"predecessor-version":[{"id":4322,"href":"https:\/\/coprecubrimientos.com\/en\/wp-json\/wp\/v2\/pages\/218\/revisions\/4322"}],"wp:featuredmedia":[{"embeddable":true,"href":"https:\/\/coprecubrimientos.com\/en\/wp-json\/wp\/v2\/media\/36"}],"wp:attachment":[{"href":"https:\/\/coprecubrimientos.com\/en\/wp-json\/wp\/v2\/media?parent=218"}],"curies":[{"name":"wp","href":"https:\/\/api.w.org\/{rel}","templated":true}]}}