{"id":217,"date":"2021-11-03T01:45:22","date_gmt":"2021-11-03T01:45:22","guid":{"rendered":"https:\/\/coprecubrimientos.com\/?page_id=217"},"modified":"2022-03-02T14:24:45","modified_gmt":"2022-03-02T14:24:45","slug":"adhesivos-para-pisos-y-azulejos","status":"publish","type":"page","link":"https:\/\/coprecubrimientos.com\/en\/adhesivos-para-pisos-y-azulejos\/","title":{"rendered":"Adhesives for tiles and floors"},"content":{"rendered":"<div data-elementor-type=\"wp-page\" data-elementor-id=\"217\" class=\"elementor elementor-217\">\n\t\t\t\t\t\t\t\t\t<section class=\"elementor-section elementor-top-section elementor-element elementor-element-224087a4 elementor-section-boxed elementor-section-height-default elementor-section-height-default\" data-id=\"224087a4\" data-element_type=\"section\" data-settings=\"{&quot;background_background&quot;:&quot;classic&quot;}\">\n\t\t\t\t\t\t\t<div class=\"elementor-background-overlay\"><\/div>\n\t\t\t\t\t\t\t<div class=\"elementor-container elementor-column-gap-default\">\n\t\t\t\t\t<div class=\"elementor-column elementor-col-100 elementor-top-column elementor-element elementor-element-1112ce7c\" data-id=\"1112ce7c\" data-element_type=\"column\">\n\t\t\t<div class=\"elementor-widget-wrap elementor-element-populated\">\n\t\t\t\t\t\t\t\t<section class=\"elementor-section elementor-inner-section elementor-element elementor-element-2986d126 elementor-section-boxed elementor-section-height-default elementor-section-height-default\" data-id=\"2986d126\" data-element_type=\"section\">\n\t\t\t\t\t\t<div class=\"elementor-container elementor-column-gap-default\">\n\t\t\t\t\t<div class=\"elementor-column elementor-col-100 elementor-inner-column elementor-element elementor-element-edf2f71\" data-id=\"edf2f71\" data-element_type=\"column\" data-settings=\"{&quot;background_background&quot;:&quot;classic&quot;}\">\n\t\t\t<div class=\"elementor-widget-wrap elementor-element-populated\">\n\t\t\t\t\t\t\t\t<div class=\"elementor-element elementor-element-59c6cdc elementor-widget elementor-widget-heading\" data-id=\"59c6cdc\" data-element_type=\"widget\" data-widget_type=\"heading.default\">\n\t\t\t\t<div class=\"elementor-widget-container\">\n\t\t\t<style>\/*! elementor - v3.18.0 - 20-12-2023 *\/\n.elementor-heading-title{padding:0;margin:0;line-height:1}.elementor-widget-heading .elementor-heading-title[class*=elementor-size-]>a{color:inherit;font-size:inherit;line-height:inherit}.elementor-widget-heading .elementor-heading-title.elementor-size-small{font-size:15px}.elementor-widget-heading .elementor-heading-title.elementor-size-medium{font-size:19px}.elementor-widget-heading .elementor-heading-title.elementor-size-large{font-size:29px}.elementor-widget-heading .elementor-heading-title.elementor-size-xl{font-size:39px}.elementor-widget-heading .elementor-heading-title.elementor-size-xxl{font-size:59px}<\/style><h2 class=\"elementor-heading-title elementor-size-default translation-block\"><span style=\"color:#0ea0cf\">ADHESIVES FOR TILES <\/span>\nAND FLOORS<\/h2>\t\t<\/div>\n\t\t\t\t<\/div>\n\t\t\t\t<div class=\"elementor-element elementor-element-a1faa4c elementor-icon-list--layout-inline elementor-align-center elementor-list-item-link-full_width elementor-widget elementor-widget-icon-list\" data-id=\"a1faa4c\" data-element_type=\"widget\" data-widget_type=\"icon-list.default\">\n\t\t\t\t<div class=\"elementor-widget-container\">\n\t\t\t<link rel=\"stylesheet\" href=\"https:\/\/coprecubrimientos.com\/wp-content\/plugins\/elementor\/assets\/css\/widget-icon-list.min.css\">\t\t<ul class=\"elementor-icon-list-items elementor-inline-items\">\n\t\t\t\t\t\t\t<li class=\"elementor-icon-list-item elementor-inline-item\">\n\t\t\t\t\t\t\t\t\t\t\t<a href=\"https:\/\/coprecubrimientos.com\/en\/coprecubrimientos.com\/\">\n\n\t\t\t\t\t\t\t\t\t\t\t<span class=\"elementor-icon-list-text\">Home<\/span>\n\t\t\t\t\t\t\t\t\t\t\t<\/a>\n\t\t\t\t\t\t\t\t\t<\/li>\n\t\t\t\t\t\t\t\t<li class=\"elementor-icon-list-item elementor-inline-item\">\n\t\t\t\t\t\t\t\t\t\t\t<span class=\"elementor-icon-list-icon\">\n\t\t\t\t\t\t\t<i aria-hidden=\"true\" class=\"fas fa-chevron-right\"><\/i>\t\t\t\t\t\t<\/span>\n\t\t\t\t\t\t\t\t\t\t<span class=\"elementor-icon-list-text\"><\/span>\n\t\t\t\t\t\t\t\t\t<\/li>\n\t\t\t\t\t\t<\/ul>\n\t\t\t\t<\/div>\n\t\t\t\t<\/div>\n\t\t\t\t\t<\/div>\n\t\t<\/div>\n\t\t\t\t\t\t\t<\/div>\n\t\t<\/section>\n\t\t\t\t\t<\/div>\n\t\t<\/div>\n\t\t\t\t\t\t\t<\/div>\n\t\t<\/section>\n\t\t\t\t<section class=\"elementor-section elementor-top-section elementor-element elementor-element-c9fd34e elementor-section-boxed elementor-section-height-default elementor-section-height-default\" data-id=\"c9fd34e\" data-element_type=\"section\" data-settings=\"{&quot;background_background&quot;:&quot;classic&quot;}\">\n\t\t\t\t\t\t<div class=\"elementor-container elementor-column-gap-default\">\n\t\t\t\t\t<div class=\"elementor-column elementor-col-100 elementor-top-column elementor-element elementor-element-49541acf\" data-id=\"49541acf\" data-element_type=\"column\">\n\t\t\t<div class=\"elementor-widget-wrap elementor-element-populated\">\n\t\t\t\t\t\t\t\t<div class=\"elementor-element elementor-element-192d1599 elementor-widget elementor-widget-heading\" data-id=\"192d1599\" data-element_type=\"widget\" data-widget_type=\"heading.default\">\n\t\t\t\t<div class=\"elementor-widget-container\">\n\t\t\t<h2 class=\"elementor-heading-title elementor-size-default\">Products<\/h2>\t\t<\/div>\n\t\t\t\t<\/div>\n\t\t\t\t<div class=\"elementor-element elementor-element-6f6e656c elementor-widget elementor-widget-text-editor\" data-id=\"6f6e656c\" data-element_type=\"widget\" data-widget_type=\"text-editor.default\">\n\t\t\t\t<div class=\"elementor-widget-container\">\n\t\t\t<style>\/*! elementor - v3.18.0 - 20-12-2023 *\/\n.elementor-widget-text-editor.elementor-drop-cap-view-stacked .elementor-drop-cap{background-color:#69727d;color:#fff}.elementor-widget-text-editor.elementor-drop-cap-view-framed .elementor-drop-cap{color:#69727d;border:3px solid;background-color:transparent}.elementor-widget-text-editor:not(.elementor-drop-cap-view-default) .elementor-drop-cap{margin-top:8px}.elementor-widget-text-editor:not(.elementor-drop-cap-view-default) .elementor-drop-cap-letter{width:1em;height:1em}.elementor-widget-text-editor .elementor-drop-cap{float:left;text-align:center;line-height:1;font-size:50px}.elementor-widget-text-editor .elementor-drop-cap-letter{display:inline-block}<\/style>\t\t\t\t<p>Cement-based adhesive for bonding floors and tiles<br \/>with different moisture absorption (high, medium and zero).<\/p>\t\t\t\t\t\t<\/div>\n\t\t\t\t<\/div>\n\t\t\t\t<section class=\"elementor-section elementor-inner-section elementor-element elementor-element-6c5bef6c elementor-section-boxed elementor-section-height-default elementor-section-height-default\" data-id=\"6c5bef6c\" data-element_type=\"section\">\n\t\t\t\t\t\t<div class=\"elementor-container elementor-column-gap-no\">\n\t\t\t\t\t<div class=\"elementor-column elementor-col-33 elementor-inner-column elementor-element elementor-element-7c68f271\" data-id=\"7c68f271\" data-element_type=\"column\">\n\t\t\t<div class=\"elementor-widget-wrap elementor-element-populated\">\n\t\t\t\t\t\t\t\t<div class=\"elementor-element elementor-element-7885ee6e elementor-position-top elementor-widget elementor-widget-image-box\" data-id=\"7885ee6e\" data-element_type=\"widget\" data-widget_type=\"image-box.default\">\n\t\t\t\t<div class=\"elementor-widget-container\">\n\t\t\t<style>\/*! elementor - v3.18.0 - 20-12-2023 *\/\n.elementor-widget-image-box .elementor-image-box-content{width:100%}@media (min-width:768px){.elementor-widget-image-box.elementor-position-left .elementor-image-box-wrapper,.elementor-widget-image-box.elementor-position-right .elementor-image-box-wrapper{display:flex}.elementor-widget-image-box.elementor-position-right .elementor-image-box-wrapper{text-align:right;flex-direction:row-reverse}.elementor-widget-image-box.elementor-position-left .elementor-image-box-wrapper{text-align:left;flex-direction:row}.elementor-widget-image-box.elementor-position-top .elementor-image-box-img{margin:auto}.elementor-widget-image-box.elementor-vertical-align-top .elementor-image-box-wrapper{align-items:flex-start}.elementor-widget-image-box.elementor-vertical-align-middle .elementor-image-box-wrapper{align-items:center}.elementor-widget-image-box.elementor-vertical-align-bottom .elementor-image-box-wrapper{align-items:flex-end}}@media (max-width:767px){.elementor-widget-image-box .elementor-image-box-img{margin-left:auto!important;margin-right:auto!important;margin-bottom:15px}}.elementor-widget-image-box .elementor-image-box-img{display:inline-block}.elementor-widget-image-box .elementor-image-box-title a{color:inherit}.elementor-widget-image-box .elementor-image-box-wrapper{text-align:center}.elementor-widget-image-box .elementor-image-box-description{margin:0}<\/style><div class=\"elementor-image-box-wrapper\"><figure class=\"elementor-image-box-img\"><a href=\"https:\/\/coprecubrimientos.com\/en\/adhesivos-para-pisos-y-azulejos\/pegapiso-estandar\/\" tabindex=\"-1\"><img fetchpriority=\"high\" width=\"232\" height=\"300\" src=\"https:\/\/coprecubrimientos.com\/wp-content\/uploads\/2021\/12\/pegapiso-estandar.jpg\" class=\"attachment-medium size-medium wp-image-2351\" alt=\"pegapiso-estandar\" \/><\/a><\/figure><div class=\"elementor-image-box-content\"><h3 class=\"elementor-image-box-title\"><a href=\"https:\/\/coprecubrimientos.com\/en\/adhesivos-para-pisos-y-azulejos\/pegapiso-estandar\/\">GLUE FLOOR STANDARD<\/a><\/h3><p class=\"elementor-image-box-description\">GLUE HIGH MOISTURE ABSORPTION PIECES (CERAMICS, COLONIAL SLAB, ETC)<\/p><\/div><\/div>\t\t<\/div>\n\t\t\t\t<\/div>\n\t\t\t\t\t<\/div>\n\t\t<\/div>\n\t\t\t\t<div class=\"elementor-column elementor-col-33 elementor-inner-column elementor-element elementor-element-6ada7c32\" data-id=\"6ada7c32\" data-element_type=\"column\">\n\t\t\t<div class=\"elementor-widget-wrap elementor-element-populated\">\n\t\t\t\t\t\t\t\t<div class=\"elementor-element elementor-element-3e42666c elementor-position-top elementor-widget elementor-widget-image-box\" data-id=\"3e42666c\" data-element_type=\"widget\" data-widget_type=\"image-box.default\">\n\t\t\t\t<div class=\"elementor-widget-container\">\n\t\t\t<div class=\"elementor-image-box-wrapper\"><figure class=\"elementor-image-box-img\"><a href=\"https:\/\/coprecubrimientos.com\/en\/adhesivos-para-pisos-y-azulejos\/pegamarmol\/\" tabindex=\"-1\"><img width=\"232\" height=\"300\" src=\"https:\/\/coprecubrimientos.com\/wp-content\/uploads\/2021\/12\/pegamarmol.jpg\" class=\"attachment-medium size-medium wp-image-2345\" alt=\"pegamarmol\" \/><\/a><\/figure><div class=\"elementor-image-box-content\"><h3 class=\"elementor-image-box-title\"><a href=\"https:\/\/coprecubrimientos.com\/en\/adhesivos-para-pisos-y-azulejos\/pegamarmol\/\">GLUE MARBLE<\/a><\/h3><p class=\"elementor-image-box-description\">GLUE HIGH AND MEDIUM MOISTURE ABSORPTION PIECES (MARBLE)<\/p><\/div><\/div>\t\t<\/div>\n\t\t\t\t<\/div>\n\t\t\t\t\t<\/div>\n\t\t<\/div>\n\t\t\t\t<div class=\"elementor-column elementor-col-33 elementor-inner-column elementor-element elementor-element-2f55bf3f\" data-id=\"2f55bf3f\" data-element_type=\"column\">\n\t\t\t<div class=\"elementor-widget-wrap elementor-element-populated\">\n\t\t\t\t\t\t\t\t<div class=\"elementor-element elementor-element-14b4d6cc elementor-position-top elementor-widget elementor-widget-image-box\" data-id=\"14b4d6cc\" data-element_type=\"widget\" data-widget_type=\"image-box.default\">\n\t\t\t\t<div class=\"elementor-widget-container\">\n\t\t\t<div class=\"elementor-image-box-wrapper\"><figure class=\"elementor-image-box-img\"><a href=\"https:\/\/coprecubrimientos.com\/en\/adhesivos-para-pisos-y-azulejos\/pegaporcelanato\/\" tabindex=\"-1\"><img width=\"232\" height=\"300\" src=\"https:\/\/coprecubrimientos.com\/wp-content\/uploads\/2021\/12\/pegaporcelanato.jpg\" class=\"attachment-medium size-medium wp-image-2341\" alt=\"pegaporcelanato\" \/><\/a><\/figure><div class=\"elementor-image-box-content\"><h3 class=\"elementor-image-box-title\"><a href=\"https:\/\/coprecubrimientos.com\/en\/adhesivos-para-pisos-y-azulejos\/pegaporcelanato\/\">GLUE PORCELAIN<\/a><\/h3><p class=\"elementor-image-box-description\">GLUE PIECES OF MEDIUM MOISTURE ABSORPTION (PORCELAIN)<\/p><\/div><\/div>\t\t<\/div>\n\t\t\t\t<\/div>\n\t\t\t\t\t<\/div>\n\t\t<\/div>\n\t\t\t\t\t\t\t<\/div>\n\t\t<\/section>\n\t\t\t\t<section class=\"elementor-section elementor-inner-section elementor-element elementor-element-19375d87 elementor-section-boxed elementor-section-height-default elementor-section-height-default\" data-id=\"19375d87\" data-element_type=\"section\">\n\t\t\t\t\t\t<div class=\"elementor-container elementor-column-gap-no\">\n\t\t\t\t\t<div class=\"elementor-column elementor-col-33 elementor-inner-column elementor-element elementor-element-3a7a565e\" data-id=\"3a7a565e\" data-element_type=\"column\">\n\t\t\t<div class=\"elementor-widget-wrap elementor-element-populated\">\n\t\t\t\t\t\t\t\t<div class=\"elementor-element elementor-element-17694a6f elementor-position-top elementor-widget elementor-widget-image-box\" data-id=\"17694a6f\" data-element_type=\"widget\" data-widget_type=\"image-box.default\">\n\t\t\t\t<div class=\"elementor-widget-container\">\n\t\t\t<div class=\"elementor-image-box-wrapper\"><figure class=\"elementor-image-box-img\"><a href=\"https:\/\/coprecubrimientos.com\/en\/adhesivos-para-pisos-y-azulejos\/pegapiso-psp\/\" tabindex=\"-1\"><img loading=\"lazy\" width=\"232\" height=\"300\" src=\"https:\/\/coprecubrimientos.com\/wp-content\/uploads\/2021\/12\/psp.jpg\" class=\"attachment-medium size-medium wp-image-2349\" alt=\"\" \/><\/a><\/figure><div class=\"elementor-image-box-content\"><h3 class=\"elementor-image-box-title\"><a href=\"https:\/\/coprecubrimientos.com\/en\/adhesivos-para-pisos-y-azulejos\/pegapiso-psp\/\">PSP (FLOOR ON FLOOR)<\/a><\/h3><p class=\"elementor-image-box-description\">GLUE PARTS WITH LOW AND NULL MOISTURE ABSORPTION.<\/p><\/div><\/div>\t\t<\/div>\n\t\t\t\t<\/div>\n\t\t\t\t\t<\/div>\n\t\t<\/div>\n\t\t\t\t<div class=\"elementor-column elementor-col-33 elementor-inner-column elementor-element elementor-element-763d1de\" data-id=\"763d1de\" data-element_type=\"column\">\n\t\t\t<div class=\"elementor-widget-wrap elementor-element-populated\">\n\t\t\t\t\t\t\t\t<div class=\"elementor-element elementor-element-4bf7d1e elementor-position-top elementor-widget elementor-widget-image-box\" data-id=\"4bf7d1e\" data-element_type=\"widget\" data-widget_type=\"image-box.default\">\n\t\t\t\t<div class=\"elementor-widget-container\">\n\t\t\t<div class=\"elementor-image-box-wrapper\"><figure class=\"elementor-image-box-img\"><a href=\"https:\/\/coprecubrimientos.com\/en\/adhesivos-para-pisos-y-azulejos\/junteador-cop\/\" tabindex=\"-1\"><img loading=\"lazy\" width=\"232\" height=\"300\" src=\"https:\/\/coprecubrimientos.com\/wp-content\/uploads\/2021\/12\/junteador.jpg\" class=\"attachment-medium size-medium wp-image-2346\" alt=\"junteador\" \/><\/a><\/figure><div class=\"elementor-image-box-content\"><h3 class=\"elementor-image-box-title\"><a href=\"https:\/\/coprecubrimientos.com\/en\/adhesivos-para-pisos-y-azulejos\/junteador-cop\/\">JOINER<\/a><\/h3><p class=\"elementor-image-box-description\">FLOOR AND TILE JOINER<\/p><\/div><\/div>\t\t<\/div>\n\t\t\t\t<\/div>\n\t\t\t\t\t<\/div>\n\t\t<\/div>\n\t\t\t\t<div class=\"elementor-column elementor-col-33 elementor-inner-column elementor-element elementor-element-453c6caa\" data-id=\"453c6caa\" data-element_type=\"column\">\n\t\t\t<div class=\"elementor-widget-wrap\">\n\t\t\t\t\t\t\t\t\t<\/div>\n\t\t<\/div>\n\t\t\t\t\t\t\t<\/div>\n\t\t<\/section>\n\t\t\t\t\t<\/div>\n\t\t<\/div>\n\t\t\t\t\t\t\t<\/div>\n\t\t<\/section>\n\t\t\t\t\t\t\t<\/div>","protected":false},"excerpt":{"rendered":"<p>ADHESIVOS PARA PISOS Y AZULEJOS Home Productos Adhesivo base cementosa para el pegado de pisos y azulejos con diferentes absorciones de humedad (alta, media y nula). PEGAPISO ESTANDAR PEGAR PIEZAS DE ALTA ABSORCI\u00d3N DE HUMEDAD (CER\u00c1MICOS, LOSA COLONIAL, ETC.) PEGAM\u00c1RMOL PEGAR PIEZAS DE ALTA Y MEDIANA ABSORCI\u00d3N DE HUMEDAD (M\u00c1RMOL) PEGAPORCELANATO PEGAR PIEZAS DE MEDIANA [&hellip;]<\/p>","protected":false},"author":1,"featured_media":1105,"parent":0,"menu_order":0,"comment_status":"closed","ping_status":"closed","template":"","meta":[],"yoast_head":"<!-- This site is optimized with the Yoast SEO plugin v19.6.1 - https:\/\/yoast.com\/wordpress\/plugins\/seo\/ -->\n<title>Adhesivos para pisos y azulejos -<\/title>\n<meta name=\"description\" content=\"Adhesivos para pisos y azulejos base cementosa para el pegado de pisos y azulejos con diferentes absorciones de humedad (alta, media y nula).\" \/>\n<meta name=\"robots\" content=\"index, follow, max-snippet:-1, max-image-preview:large, max-video-preview:-1\" \/>\n<link rel=\"canonical\" href=\"https:\/\/coprecubrimientos.com\/en\/adhesivos-para-pisos-y-azulejos\/\" \/>\n<meta property=\"og:locale\" content=\"en_US\" \/>\n<meta property=\"og:type\" content=\"article\" \/>\n<meta property=\"og:title\" content=\"Adhesivos para pisos y azulejos -\" \/>\n<meta property=\"og:description\" content=\"Adhesivos para pisos y azulejos base cementosa para el pegado de pisos y azulejos con diferentes absorciones de humedad (alta, media y nula).\" \/>\n<meta property=\"og:url\" content=\"https:\/\/coprecubrimientos.com\/en\/adhesivos-para-pisos-y-azulejos\/\" \/>\n<meta property=\"article:modified_time\" content=\"2022-03-02T14:24:45+00:00\" \/>\n<meta property=\"og:image\" content=\"https:\/\/coprecubrimientos.com\/wp-content\/uploads\/2021\/11\/1590901582_3_7.jpg\" \/>\n\t<meta property=\"og:image:width\" content=\"1076\" \/>\n\t<meta property=\"og:image:height\" content=\"816\" \/>\n\t<meta property=\"og:image:type\" content=\"image\/jpeg\" \/>\n<meta name=\"twitter:card\" content=\"summary_large_image\" \/>\n<meta name=\"twitter:label1\" content=\"Est. reading time\" \/>\n\t<meta name=\"twitter:data1\" content=\"2 minutes\" \/>\n<script type=\"application\/ld+json\" class=\"yoast-schema-graph\">{\"@context\":\"https:\/\/schema.org\",\"@graph\":[{\"@type\":\"WebPage\",\"@id\":\"https:\/\/coprecubrimientos.com\/adhesivos-para-pisos-y-azulejos\/\",\"url\":\"https:\/\/coprecubrimientos.com\/adhesivos-para-pisos-y-azulejos\/\",\"name\":\"Adhesivos para pisos y azulejos -\",\"isPartOf\":{\"@id\":\"https:\/\/coprecubrimientos.com\/#website\"},\"datePublished\":\"2021-11-03T01:45:22+00:00\",\"dateModified\":\"2022-03-02T14:24:45+00:00\",\"description\":\"Adhesivos para pisos y azulejos base cementosa para el pegado de pisos y azulejos con diferentes absorciones de humedad (alta, media y nula).\",\"breadcrumb\":{\"@id\":\"https:\/\/coprecubrimientos.com\/adhesivos-para-pisos-y-azulejos\/#breadcrumb\"},\"inLanguage\":\"en-US\",\"potentialAction\":[{\"@type\":\"ReadAction\",\"target\":[\"https:\/\/coprecubrimientos.com\/adhesivos-para-pisos-y-azulejos\/\"]}]},{\"@type\":\"BreadcrumbList\",\"@id\":\"https:\/\/coprecubrimientos.com\/adhesivos-para-pisos-y-azulejos\/#breadcrumb\",\"itemListElement\":[{\"@type\":\"ListItem\",\"position\":1,\"name\":\"Home\",\"item\":\"https:\/\/coprecubrimientos.com\/\"},{\"@type\":\"ListItem\",\"position\":2,\"name\":\"Adhesivos para pisos y azulejos\"}]},{\"@type\":\"WebSite\",\"@id\":\"https:\/\/coprecubrimientos.com\/#website\",\"url\":\"https:\/\/coprecubrimientos.com\/\",\"name\":\"\",\"description\":\"\",\"potentialAction\":[{\"@type\":\"SearchAction\",\"target\":{\"@type\":\"EntryPoint\",\"urlTemplate\":\"https:\/\/coprecubrimientos.com\/?s={search_term_string}\"},\"query-input\":\"required name=search_term_string\"}],\"inLanguage\":\"en-US\"}]}<\/script>\n<!-- \/ Yoast SEO plugin. -->","yoast_head_json":{"title":"Adhesivos para pisos y azulejos -","description":"Adhesivos para pisos y azulejos base cementosa para el pegado de pisos y azulejos con diferentes absorciones de humedad (alta, media y nula).","robots":{"index":"index","follow":"follow","max-snippet":"max-snippet:-1","max-image-preview":"max-image-preview:large","max-video-preview":"max-video-preview:-1"},"canonical":"https:\/\/coprecubrimientos.com\/en\/adhesivos-para-pisos-y-azulejos\/","og_locale":"en_US","og_type":"article","og_title":"Adhesivos para pisos y azulejos -","og_description":"Adhesivos para pisos y azulejos base cementosa para el pegado de pisos y azulejos con diferentes absorciones de humedad (alta, media y nula).","og_url":"https:\/\/coprecubrimientos.com\/en\/adhesivos-para-pisos-y-azulejos\/","article_modified_time":"2022-03-02T14:24:45+00:00","og_image":[{"width":1076,"height":816,"url":"https:\/\/coprecubrimientos.com\/wp-content\/uploads\/2021\/11\/1590901582_3_7.jpg","type":"image\/jpeg"}],"twitter_card":"summary_large_image","twitter_misc":{"Est. reading time":"2 minutes"},"schema":{"@context":"https:\/\/schema.org","@graph":[{"@type":"WebPage","@id":"https:\/\/coprecubrimientos.com\/adhesivos-para-pisos-y-azulejos\/","url":"https:\/\/coprecubrimientos.com\/adhesivos-para-pisos-y-azulejos\/","name":"Adhesivos para pisos y azulejos -","isPartOf":{"@id":"https:\/\/coprecubrimientos.com\/#website"},"datePublished":"2021-11-03T01:45:22+00:00","dateModified":"2022-03-02T14:24:45+00:00","description":"Adhesivos para pisos y azulejos base cementosa para el pegado de pisos y azulejos con diferentes absorciones de humedad (alta, media y nula).","breadcrumb":{"@id":"https:\/\/coprecubrimientos.com\/adhesivos-para-pisos-y-azulejos\/#breadcrumb"},"inLanguage":"en-US","potentialAction":[{"@type":"ReadAction","target":["https:\/\/coprecubrimientos.com\/adhesivos-para-pisos-y-azulejos\/"]}]},{"@type":"BreadcrumbList","@id":"https:\/\/coprecubrimientos.com\/adhesivos-para-pisos-y-azulejos\/#breadcrumb","itemListElement":[{"@type":"ListItem","position":1,"name":"Home","item":"https:\/\/coprecubrimientos.com\/"},{"@type":"ListItem","position":2,"name":"Adhesivos para pisos y azulejos"}]},{"@type":"WebSite","@id":"https:\/\/coprecubrimientos.com\/#website","url":"https:\/\/coprecubrimientos.com\/","name":"","description":"","potentialAction":[{"@type":"SearchAction","target":{"@type":"EntryPoint","urlTemplate":"https:\/\/coprecubrimientos.com\/?s={search_term_string}"},"query-input":"required name=search_term_string"}],"inLanguage":"en-US"}]}},"_links":{"self":[{"href":"https:\/\/coprecubrimientos.com\/en\/wp-json\/wp\/v2\/pages\/217"}],"collection":[{"href":"https:\/\/coprecubrimientos.com\/en\/wp-json\/wp\/v2\/pages"}],"about":[{"href":"https:\/\/coprecubrimientos.com\/en\/wp-json\/wp\/v2\/types\/page"}],"author":[{"embeddable":true,"href":"https:\/\/coprecubrimientos.com\/en\/wp-json\/wp\/v2\/users\/1"}],"replies":[{"embeddable":true,"href":"https:\/\/coprecubrimientos.com\/en\/wp-json\/wp\/v2\/comments?post=217"}],"version-history":[{"count":80,"href":"https:\/\/coprecubrimientos.com\/en\/wp-json\/wp\/v2\/pages\/217\/revisions"}],"predecessor-version":[{"id":4296,"href":"https:\/\/coprecubrimientos.com\/en\/wp-json\/wp\/v2\/pages\/217\/revisions\/4296"}],"wp:featuredmedia":[{"embeddable":true,"href":"https:\/\/coprecubrimientos.com\/en\/wp-json\/wp\/v2\/media\/1105"}],"wp:attachment":[{"href":"https:\/\/coprecubrimientos.com\/en\/wp-json\/wp\/v2\/media?parent=217"}],"curies":[{"name":"wp","href":"https:\/\/api.w.org\/{rel}","templated":true}]}}