{"id":216,"date":"2021-11-03T01:45:20","date_gmt":"2021-11-03T01:45:20","guid":{"rendered":"https:\/\/coprecubrimientos.com\/?page_id=216"},"modified":"2022-03-02T15:37:41","modified_gmt":"2022-03-02T15:37:41","slug":"recubrimientos-acrilicos","status":"publish","type":"page","link":"https:\/\/coprecubrimientos.com\/en\/recubrimientos-acrilicos\/","title":{"rendered":"Acrylic coatings"},"content":{"rendered":"<div data-elementor-type=\"wp-page\" data-elementor-id=\"216\" class=\"elementor elementor-216\">\n\t\t\t\t\t\t\t\t\t<section class=\"elementor-section elementor-top-section elementor-element elementor-element-1a8bdb5a elementor-section-boxed elementor-section-height-default elementor-section-height-default\" data-id=\"1a8bdb5a\" data-element_type=\"section\" data-settings=\"{&quot;background_background&quot;:&quot;classic&quot;}\">\n\t\t\t\t\t\t\t<div class=\"elementor-background-overlay\"><\/div>\n\t\t\t\t\t\t\t<div class=\"elementor-container elementor-column-gap-default\">\n\t\t\t\t\t<div class=\"elementor-column elementor-col-100 elementor-top-column elementor-element elementor-element-101f8557\" data-id=\"101f8557\" data-element_type=\"column\">\n\t\t\t<div class=\"elementor-widget-wrap elementor-element-populated\">\n\t\t\t\t\t\t\t\t<section class=\"elementor-section elementor-inner-section elementor-element elementor-element-660ee026 elementor-section-boxed elementor-section-height-default elementor-section-height-default\" data-id=\"660ee026\" data-element_type=\"section\">\n\t\t\t\t\t\t<div class=\"elementor-container elementor-column-gap-default\">\n\t\t\t\t\t<div class=\"elementor-column elementor-col-100 elementor-inner-column elementor-element elementor-element-6af26ede\" data-id=\"6af26ede\" data-element_type=\"column\" data-settings=\"{&quot;background_background&quot;:&quot;classic&quot;}\">\n\t\t\t<div class=\"elementor-widget-wrap elementor-element-populated\">\n\t\t\t\t\t\t\t\t<div class=\"elementor-element elementor-element-26accd6 elementor-widget elementor-widget-heading\" data-id=\"26accd6\" data-element_type=\"widget\" data-widget_type=\"heading.default\">\n\t\t\t\t<div class=\"elementor-widget-container\">\n\t\t\t<style>\/*! elementor - v3.18.0 - 20-12-2023 *\/\n.elementor-heading-title{padding:0;margin:0;line-height:1}.elementor-widget-heading .elementor-heading-title[class*=elementor-size-]>a{color:inherit;font-size:inherit;line-height:inherit}.elementor-widget-heading .elementor-heading-title.elementor-size-small{font-size:15px}.elementor-widget-heading .elementor-heading-title.elementor-size-medium{font-size:19px}.elementor-widget-heading .elementor-heading-title.elementor-size-large{font-size:29px}.elementor-widget-heading .elementor-heading-title.elementor-size-xl{font-size:39px}.elementor-widget-heading .elementor-heading-title.elementor-size-xxl{font-size:59px}<\/style><h2 class=\"elementor-heading-title elementor-size-default translation-block\">Acrylic <span style=\"color:#0ea0cf\">Coatings<\/span><\/h2>\t\t<\/div>\n\t\t\t\t<\/div>\n\t\t\t\t<div class=\"elementor-element elementor-element-302eeb5b elementor-icon-list--layout-inline elementor-align-center elementor-list-item-link-full_width elementor-widget elementor-widget-icon-list\" data-id=\"302eeb5b\" data-element_type=\"widget\" data-widget_type=\"icon-list.default\">\n\t\t\t\t<div class=\"elementor-widget-container\">\n\t\t\t<link rel=\"stylesheet\" href=\"https:\/\/coprecubrimientos.com\/wp-content\/plugins\/elementor\/assets\/css\/widget-icon-list.min.css\">\t\t<ul class=\"elementor-icon-list-items elementor-inline-items\">\n\t\t\t\t\t\t\t<li class=\"elementor-icon-list-item elementor-inline-item\">\n\t\t\t\t\t\t\t\t\t\t\t<a href=\"https:\/\/coprecubrimientos.com\/en\/coprecubrimientos.com\/\">\n\n\t\t\t\t\t\t\t\t\t\t\t<span class=\"elementor-icon-list-text\">Home<\/span>\n\t\t\t\t\t\t\t\t\t\t\t<\/a>\n\t\t\t\t\t\t\t\t\t<\/li>\n\t\t\t\t\t\t\t\t<li class=\"elementor-icon-list-item elementor-inline-item\">\n\t\t\t\t\t\t\t\t\t\t\t<span class=\"elementor-icon-list-icon\">\n\t\t\t\t\t\t\t<i aria-hidden=\"true\" class=\"fas fa-chevron-right\"><\/i>\t\t\t\t\t\t<\/span>\n\t\t\t\t\t\t\t\t\t\t<span class=\"elementor-icon-list-text\"><\/span>\n\t\t\t\t\t\t\t\t\t<\/li>\n\t\t\t\t\t\t<\/ul>\n\t\t\t\t<\/div>\n\t\t\t\t<\/div>\n\t\t\t\t\t<\/div>\n\t\t<\/div>\n\t\t\t\t\t\t\t<\/div>\n\t\t<\/section>\n\t\t\t\t\t<\/div>\n\t\t<\/div>\n\t\t\t\t\t\t\t<\/div>\n\t\t<\/section>\n\t\t\t\t<section class=\"elementor-section elementor-top-section elementor-element elementor-element-74be7e07 elementor-section-boxed elementor-section-height-default elementor-section-height-default\" data-id=\"74be7e07\" data-element_type=\"section\" data-settings=\"{&quot;background_background&quot;:&quot;classic&quot;}\">\n\t\t\t\t\t\t<div class=\"elementor-container elementor-column-gap-default\">\n\t\t\t\t\t<div class=\"elementor-column elementor-col-100 elementor-top-column elementor-element elementor-element-1e1d7244\" data-id=\"1e1d7244\" data-element_type=\"column\">\n\t\t\t<div class=\"elementor-widget-wrap elementor-element-populated\">\n\t\t\t\t\t\t\t\t<div class=\"elementor-element elementor-element-5e757897 elementor-widget elementor-widget-heading\" data-id=\"5e757897\" data-element_type=\"widget\" data-widget_type=\"heading.default\">\n\t\t\t\t<div class=\"elementor-widget-container\">\n\t\t\t<h2 class=\"elementor-heading-title elementor-size-default\">Products<\/h2>\t\t<\/div>\n\t\t\t\t<\/div>\n\t\t\t\t<div class=\"elementor-element elementor-element-2d9368dd elementor-widget elementor-widget-text-editor\" data-id=\"2d9368dd\" data-element_type=\"widget\" data-widget_type=\"text-editor.default\">\n\t\t\t\t<div class=\"elementor-widget-container\">\n\t\t\t<style>\/*! elementor - v3.18.0 - 20-12-2023 *\/\n.elementor-widget-text-editor.elementor-drop-cap-view-stacked .elementor-drop-cap{background-color:#69727d;color:#fff}.elementor-widget-text-editor.elementor-drop-cap-view-framed .elementor-drop-cap{color:#69727d;border:3px solid;background-color:transparent}.elementor-widget-text-editor:not(.elementor-drop-cap-view-default) .elementor-drop-cap{margin-top:8px}.elementor-widget-text-editor:not(.elementor-drop-cap-view-default) .elementor-drop-cap-letter{width:1em;height:1em}.elementor-widget-text-editor .elementor-drop-cap{float:left;text-align:center;line-height:1;font-size:50px}.elementor-widget-text-editor .elementor-drop-cap-letter{display:inline-block}<\/style>\t\t\t\t<p>Products based on styrene acrylic resins to protect different substrates.<\/p>\t\t\t\t\t\t<\/div>\n\t\t\t\t<\/div>\n\t\t\t\t<section class=\"elementor-section elementor-inner-section elementor-element elementor-element-55ac58c1 elementor-section-boxed elementor-section-height-default elementor-section-height-default\" data-id=\"55ac58c1\" data-element_type=\"section\">\n\t\t\t\t\t\t<div class=\"elementor-container elementor-column-gap-no\">\n\t\t\t\t\t<div class=\"elementor-column elementor-col-33 elementor-inner-column elementor-element elementor-element-3f34af37\" data-id=\"3f34af37\" data-element_type=\"column\">\n\t\t\t<div class=\"elementor-widget-wrap elementor-element-populated\">\n\t\t\t\t\t\t\t\t<div class=\"elementor-element elementor-element-d2a530e elementor-position-top elementor-widget elementor-widget-image-box\" data-id=\"d2a530e\" data-element_type=\"widget\" data-widget_type=\"image-box.default\">\n\t\t\t\t<div class=\"elementor-widget-container\">\n\t\t\t<style>\/*! elementor - v3.18.0 - 20-12-2023 *\/\n.elementor-widget-image-box .elementor-image-box-content{width:100%}@media (min-width:768px){.elementor-widget-image-box.elementor-position-left .elementor-image-box-wrapper,.elementor-widget-image-box.elementor-position-right .elementor-image-box-wrapper{display:flex}.elementor-widget-image-box.elementor-position-right .elementor-image-box-wrapper{text-align:right;flex-direction:row-reverse}.elementor-widget-image-box.elementor-position-left .elementor-image-box-wrapper{text-align:left;flex-direction:row}.elementor-widget-image-box.elementor-position-top .elementor-image-box-img{margin:auto}.elementor-widget-image-box.elementor-vertical-align-top .elementor-image-box-wrapper{align-items:flex-start}.elementor-widget-image-box.elementor-vertical-align-middle .elementor-image-box-wrapper{align-items:center}.elementor-widget-image-box.elementor-vertical-align-bottom .elementor-image-box-wrapper{align-items:flex-end}}@media (max-width:767px){.elementor-widget-image-box .elementor-image-box-img{margin-left:auto!important;margin-right:auto!important;margin-bottom:15px}}.elementor-widget-image-box .elementor-image-box-img{display:inline-block}.elementor-widget-image-box .elementor-image-box-title a{color:inherit}.elementor-widget-image-box .elementor-image-box-wrapper{text-align:center}.elementor-widget-image-box .elementor-image-box-description{margin:0}<\/style><div class=\"elementor-image-box-wrapper\"><figure class=\"elementor-image-box-img\"><a href=\"https:\/\/coprecubrimientos.com\/en\/recubrimientos-acrilicos\/marmoltex\/\" tabindex=\"-1\"><img fetchpriority=\"high\" width=\"232\" height=\"300\" src=\"https:\/\/coprecubrimientos.com\/wp-content\/uploads\/2021\/11\/Cubeta-COP.jpg\" class=\"attachment-medium size-medium wp-image-1169\" alt=\"cubeta cop recubrimientos pinturas\" \/><\/a><\/figure><div class=\"elementor-image-box-content\"><h3 class=\"elementor-image-box-title\"><a href=\"https:\/\/coprecubrimientos.com\/en\/recubrimientos-acrilicos\/marmoltex\/\">MARMOLTEX<\/a><\/h3><p class=\"elementor-image-box-description\">HIGH RESISTANCE DECORATIVE TEXTURING<\/p><\/div><\/div>\t\t<\/div>\n\t\t\t\t<\/div>\n\t\t\t\t\t<\/div>\n\t\t<\/div>\n\t\t\t\t<div class=\"elementor-column elementor-col-33 elementor-inner-column elementor-element elementor-element-62c78ea8\" data-id=\"62c78ea8\" data-element_type=\"column\">\n\t\t\t<div class=\"elementor-widget-wrap elementor-element-populated\">\n\t\t\t\t\t\t\t\t<div class=\"elementor-element elementor-element-4d8a64f4 elementor-position-top elementor-widget elementor-widget-image-box\" data-id=\"4d8a64f4\" data-element_type=\"widget\" data-widget_type=\"image-box.default\">\n\t\t\t\t<div class=\"elementor-widget-container\">\n\t\t\t<div class=\"elementor-image-box-wrapper\"><figure class=\"elementor-image-box-img\"><a href=\"https:\/\/coprecubrimientos.com\/en\/recubrimientos-acrilicos\/estucop-fino-acrilico\/\" tabindex=\"-1\"><img fetchpriority=\"high\" width=\"232\" height=\"300\" src=\"https:\/\/coprecubrimientos.com\/wp-content\/uploads\/2021\/11\/Cubeta-COP.jpg\" class=\"attachment-medium size-medium wp-image-1169\" alt=\"cubeta cop recubrimientos pinturas\" \/><\/a><\/figure><div class=\"elementor-image-box-content\"><h3 class=\"elementor-image-box-title\"><a href=\"https:\/\/coprecubrimientos.com\/en\/recubrimientos-acrilicos\/estucop-fino-acrilico\/\">FINE ACRYLIC ESTUCOP<\/a><\/h3><p class=\"elementor-image-box-description\">SMOOTH DECORATIVE FOR WALLS AND CEILING TILES<\/p><\/div><\/div>\t\t<\/div>\n\t\t\t\t<\/div>\n\t\t\t\t\t<\/div>\n\t\t<\/div>\n\t\t\t\t<div class=\"elementor-column elementor-col-33 elementor-inner-column elementor-element elementor-element-19911285\" data-id=\"19911285\" data-element_type=\"column\">\n\t\t\t<div class=\"elementor-widget-wrap elementor-element-populated\">\n\t\t\t\t\t\t\t\t<div class=\"elementor-element elementor-element-24007b87 elementor-position-top elementor-widget elementor-widget-image-box\" data-id=\"24007b87\" data-element_type=\"widget\" data-widget_type=\"image-box.default\">\n\t\t\t\t<div class=\"elementor-widget-container\">\n\t\t\t<div class=\"elementor-image-box-wrapper\"><figure class=\"elementor-image-box-img\"><a href=\"https:\/\/coprecubrimientos.com\/en\/recubrimientos-acrilicos\/veneziano\/\" tabindex=\"-1\"><img fetchpriority=\"high\" width=\"232\" height=\"300\" src=\"https:\/\/coprecubrimientos.com\/wp-content\/uploads\/2021\/11\/Cubeta-COP.jpg\" class=\"attachment-medium size-medium wp-image-1169\" alt=\"cubeta cop recubrimientos pinturas\" \/><\/a><\/figure><div class=\"elementor-image-box-content\"><h3 class=\"elementor-image-box-title\"><a href=\"https:\/\/coprecubrimientos.com\/en\/recubrimientos-acrilicos\/veneziano\/\">VENEZIANO<\/a><\/h3><p class=\"elementor-image-box-description\">COATING AND DECORATE SURFACES WITH A MARBLE-LIKE APPEARANCE<\/p><\/div><\/div>\t\t<\/div>\n\t\t\t\t<\/div>\n\t\t\t\t\t<\/div>\n\t\t<\/div>\n\t\t\t\t\t\t\t<\/div>\n\t\t<\/section>\n\t\t\t\t<section class=\"elementor-section elementor-inner-section elementor-element elementor-element-3ac9e9d2 elementor-section-boxed elementor-section-height-default elementor-section-height-default\" data-id=\"3ac9e9d2\" data-element_type=\"section\">\n\t\t\t\t\t\t<div class=\"elementor-container elementor-column-gap-no\">\n\t\t\t\t\t<div class=\"elementor-column elementor-col-33 elementor-inner-column elementor-element elementor-element-209cf82e\" data-id=\"209cf82e\" data-element_type=\"column\">\n\t\t\t<div class=\"elementor-widget-wrap elementor-element-populated\">\n\t\t\t\t\t\t\t\t<div class=\"elementor-element elementor-element-431073e8 elementor-position-top elementor-widget elementor-widget-image-box\" data-id=\"431073e8\" data-element_type=\"widget\" data-widget_type=\"image-box.default\">\n\t\t\t\t<div class=\"elementor-widget-container\">\n\t\t\t<div class=\"elementor-image-box-wrapper\"><figure class=\"elementor-image-box-img\"><a href=\"https:\/\/coprecubrimientos.com\/en\/recubrimientos-acrilicos\/cop-silicon\/\" tabindex=\"-1\"><img fetchpriority=\"high\" width=\"232\" height=\"300\" src=\"https:\/\/coprecubrimientos.com\/wp-content\/uploads\/2021\/11\/Cubeta-COP.jpg\" class=\"attachment-medium size-medium wp-image-1169\" alt=\"cubeta cop recubrimientos pinturas\" \/><\/a><\/figure><div class=\"elementor-image-box-content\"><h3 class=\"elementor-image-box-title\"><a href=\"https:\/\/coprecubrimientos.com\/en\/recubrimientos-acrilicos\/cop-silicon\/\">COP SILICONE<\/a><\/h3><p class=\"elementor-image-box-description\">PROTECT SURFACES AGAINST HUMIDITY WITHOUT FORMING A FILM<\/p><\/div><\/div>\t\t<\/div>\n\t\t\t\t<\/div>\n\t\t\t\t\t<\/div>\n\t\t<\/div>\n\t\t\t\t<div class=\"elementor-column elementor-col-33 elementor-inner-column elementor-element elementor-element-75d82509\" data-id=\"75d82509\" data-element_type=\"column\">\n\t\t\t<div class=\"elementor-widget-wrap\">\n\t\t\t\t\t\t\t\t\t<\/div>\n\t\t<\/div>\n\t\t\t\t<div class=\"elementor-column elementor-col-33 elementor-inner-column elementor-element elementor-element-197f8c34\" data-id=\"197f8c34\" data-element_type=\"column\">\n\t\t\t<div class=\"elementor-widget-wrap\">\n\t\t\t\t\t\t\t\t\t<\/div>\n\t\t<\/div>\n\t\t\t\t\t\t\t<\/div>\n\t\t<\/section>\n\t\t\t\t\t<\/div>\n\t\t<\/div>\n\t\t\t\t\t\t\t<\/div>\n\t\t<\/section>\n\t\t\t\t\t\t\t<\/div>","protected":false},"excerpt":{"rendered":"<p>RECUBRIMIENTOS ACR\u00cdLICOS Home Productos Productos a base de resinas acr\u00edlicas estirenadas para proteger diferentes sustratos. MARMOLTEX TEXTURIZADO DECORATIVO ALTA RESISTENCIA ESTUCOP FINO ACR\u00cdLICO DECORATIVO LISO PARA MUROS Y PLAFONES VENEZIANO RECUBRIR Y DECORAR SUPERFICIES CON APARIENCIA TIPO M\u00c1RMOL COP SILIC\u00d3N PROTEGER SUPERFICIES CONTRA LA HUMEDAD SIN FORMAR PEL\u00cdCULA<\/p>","protected":false},"author":1,"featured_media":69,"parent":0,"menu_order":0,"comment_status":"closed","ping_status":"closed","template":"","meta":[],"yoast_head":"<!-- This site is optimized with the Yoast SEO plugin v19.6.1 - https:\/\/yoast.com\/wordpress\/plugins\/seo\/ -->\n<title>Recubrimientos acr\u00edlicos -<\/title>\n<meta name=\"description\" content=\"Recubrimientos Acr\u00edlicos a base de resinas acr\u00edlicas estirenadas para proteger diferentes sustratos en diversos proyectos de construcci\u00f3n.\" \/>\n<meta name=\"robots\" content=\"index, follow, max-snippet:-1, max-image-preview:large, max-video-preview:-1\" \/>\n<link rel=\"canonical\" href=\"https:\/\/coprecubrimientos.com\/en\/recubrimientos-acrilicos\/\" \/>\n<meta property=\"og:locale\" content=\"en_US\" \/>\n<meta property=\"og:type\" content=\"article\" \/>\n<meta property=\"og:title\" content=\"Recubrimientos acr\u00edlicos -\" \/>\n<meta property=\"og:description\" content=\"Recubrimientos Acr\u00edlicos a base de resinas acr\u00edlicas estirenadas para proteger diferentes sustratos en diversos proyectos de construcci\u00f3n.\" \/>\n<meta property=\"og:url\" content=\"https:\/\/coprecubrimientos.com\/en\/recubrimientos-acrilicos\/\" \/>\n<meta property=\"article:modified_time\" content=\"2022-03-02T15:37:41+00:00\" \/>\n<meta property=\"og:image\" content=\"https:\/\/coprecubrimientos.com\/wp-content\/uploads\/2021\/11\/cropped-image-of-couple-with-paint-rollers-standing-near-painted-wall-at-new-home.jpg\" \/>\n\t<meta property=\"og:image:width\" content=\"2000\" \/>\n\t<meta property=\"og:image:height\" content=\"1335\" \/>\n\t<meta property=\"og:image:type\" content=\"image\/jpeg\" \/>\n<meta name=\"twitter:card\" content=\"summary_large_image\" \/>\n<meta name=\"twitter:label1\" content=\"Est. reading time\" \/>\n\t<meta name=\"twitter:data1\" content=\"2 minutes\" \/>\n<script type=\"application\/ld+json\" class=\"yoast-schema-graph\">{\"@context\":\"https:\/\/schema.org\",\"@graph\":[{\"@type\":\"WebPage\",\"@id\":\"https:\/\/coprecubrimientos.com\/recubrimientos-acrilicos\/\",\"url\":\"https:\/\/coprecubrimientos.com\/recubrimientos-acrilicos\/\",\"name\":\"Recubrimientos acr\u00edlicos -\",\"isPartOf\":{\"@id\":\"https:\/\/coprecubrimientos.com\/#website\"},\"datePublished\":\"2021-11-03T01:45:20+00:00\",\"dateModified\":\"2022-03-02T15:37:41+00:00\",\"description\":\"Recubrimientos Acr\u00edlicos a base de resinas acr\u00edlicas estirenadas para proteger diferentes sustratos en diversos proyectos de construcci\u00f3n.\",\"breadcrumb\":{\"@id\":\"https:\/\/coprecubrimientos.com\/recubrimientos-acrilicos\/#breadcrumb\"},\"inLanguage\":\"en-US\",\"potentialAction\":[{\"@type\":\"ReadAction\",\"target\":[\"https:\/\/coprecubrimientos.com\/recubrimientos-acrilicos\/\"]}]},{\"@type\":\"BreadcrumbList\",\"@id\":\"https:\/\/coprecubrimientos.com\/recubrimientos-acrilicos\/#breadcrumb\",\"itemListElement\":[{\"@type\":\"ListItem\",\"position\":1,\"name\":\"Home\",\"item\":\"https:\/\/coprecubrimientos.com\/\"},{\"@type\":\"ListItem\",\"position\":2,\"name\":\"Recubrimientos acr\u00edlicos\"}]},{\"@type\":\"WebSite\",\"@id\":\"https:\/\/coprecubrimientos.com\/#website\",\"url\":\"https:\/\/coprecubrimientos.com\/\",\"name\":\"\",\"description\":\"\",\"potentialAction\":[{\"@type\":\"SearchAction\",\"target\":{\"@type\":\"EntryPoint\",\"urlTemplate\":\"https:\/\/coprecubrimientos.com\/?s={search_term_string}\"},\"query-input\":\"required name=search_term_string\"}],\"inLanguage\":\"en-US\"}]}<\/script>\n<!-- \/ Yoast SEO plugin. -->","yoast_head_json":{"title":"Recubrimientos acr\u00edlicos -","description":"Recubrimientos Acr\u00edlicos a base de resinas acr\u00edlicas estirenadas para proteger diferentes sustratos en diversos proyectos de construcci\u00f3n.","robots":{"index":"index","follow":"follow","max-snippet":"max-snippet:-1","max-image-preview":"max-image-preview:large","max-video-preview":"max-video-preview:-1"},"canonical":"https:\/\/coprecubrimientos.com\/en\/recubrimientos-acrilicos\/","og_locale":"en_US","og_type":"article","og_title":"Recubrimientos acr\u00edlicos -","og_description":"Recubrimientos Acr\u00edlicos a base de resinas acr\u00edlicas estirenadas para proteger diferentes sustratos en diversos proyectos de construcci\u00f3n.","og_url":"https:\/\/coprecubrimientos.com\/en\/recubrimientos-acrilicos\/","article_modified_time":"2022-03-02T15:37:41+00:00","og_image":[{"width":2000,"height":1335,"url":"https:\/\/coprecubrimientos.com\/wp-content\/uploads\/2021\/11\/cropped-image-of-couple-with-paint-rollers-standing-near-painted-wall-at-new-home.jpg","type":"image\/jpeg"}],"twitter_card":"summary_large_image","twitter_misc":{"Est. reading time":"2 minutes"},"schema":{"@context":"https:\/\/schema.org","@graph":[{"@type":"WebPage","@id":"https:\/\/coprecubrimientos.com\/recubrimientos-acrilicos\/","url":"https:\/\/coprecubrimientos.com\/recubrimientos-acrilicos\/","name":"Recubrimientos acr\u00edlicos -","isPartOf":{"@id":"https:\/\/coprecubrimientos.com\/#website"},"datePublished":"2021-11-03T01:45:20+00:00","dateModified":"2022-03-02T15:37:41+00:00","description":"Recubrimientos Acr\u00edlicos a base de resinas acr\u00edlicas estirenadas para proteger diferentes sustratos en diversos proyectos de construcci\u00f3n.","breadcrumb":{"@id":"https:\/\/coprecubrimientos.com\/recubrimientos-acrilicos\/#breadcrumb"},"inLanguage":"en-US","potentialAction":[{"@type":"ReadAction","target":["https:\/\/coprecubrimientos.com\/recubrimientos-acrilicos\/"]}]},{"@type":"BreadcrumbList","@id":"https:\/\/coprecubrimientos.com\/recubrimientos-acrilicos\/#breadcrumb","itemListElement":[{"@type":"ListItem","position":1,"name":"Home","item":"https:\/\/coprecubrimientos.com\/"},{"@type":"ListItem","position":2,"name":"Recubrimientos acr\u00edlicos"}]},{"@type":"WebSite","@id":"https:\/\/coprecubrimientos.com\/#website","url":"https:\/\/coprecubrimientos.com\/","name":"","description":"","potentialAction":[{"@type":"SearchAction","target":{"@type":"EntryPoint","urlTemplate":"https:\/\/coprecubrimientos.com\/?s={search_term_string}"},"query-input":"required name=search_term_string"}],"inLanguage":"en-US"}]}},"_links":{"self":[{"href":"https:\/\/coprecubrimientos.com\/en\/wp-json\/wp\/v2\/pages\/216"}],"collection":[{"href":"https:\/\/coprecubrimientos.com\/en\/wp-json\/wp\/v2\/pages"}],"about":[{"href":"https:\/\/coprecubrimientos.com\/en\/wp-json\/wp\/v2\/types\/page"}],"author":[{"embeddable":true,"href":"https:\/\/coprecubrimientos.com\/en\/wp-json\/wp\/v2\/users\/1"}],"replies":[{"embeddable":true,"href":"https:\/\/coprecubrimientos.com\/en\/wp-json\/wp\/v2\/comments?post=216"}],"version-history":[{"count":46,"href":"https:\/\/coprecubrimientos.com\/en\/wp-json\/wp\/v2\/pages\/216\/revisions"}],"predecessor-version":[{"id":4338,"href":"https:\/\/coprecubrimientos.com\/en\/wp-json\/wp\/v2\/pages\/216\/revisions\/4338"}],"wp:featuredmedia":[{"embeddable":true,"href":"https:\/\/coprecubrimientos.com\/en\/wp-json\/wp\/v2\/media\/69"}],"wp:attachment":[{"href":"https:\/\/coprecubrimientos.com\/en\/wp-json\/wp\/v2\/media?parent=216"}],"curies":[{"name":"wp","href":"https:\/\/api.w.org\/{rel}","templated":true}]}}