{"id":112,"date":"2021-11-02T21:16:30","date_gmt":"2021-11-02T21:16:30","guid":{"rendered":"http:\/\/coprecubrimientos.com\/?page_id=112"},"modified":"2022-03-02T15:34:15","modified_gmt":"2022-03-02T15:34:15","slug":"politica-de-privacidad","status":"publish","type":"page","link":"https:\/\/coprecubrimientos.com\/en\/politica-de-privacidad\/","title":{"rendered":"Privacy Policy"},"content":{"rendered":"<div data-elementor-type=\"wp-page\" data-elementor-id=\"112\" class=\"elementor elementor-112\">\n\t\t\t\t\t\t\t\t\t<section class=\"elementor-section elementor-top-section elementor-element elementor-element-695c1686 elementor-section-boxed elementor-section-height-default elementor-section-height-default\" data-id=\"695c1686\" data-element_type=\"section\" data-settings=\"{&quot;background_background&quot;:&quot;classic&quot;}\">\n\t\t\t\t\t\t\t<div class=\"elementor-background-overlay\"><\/div>\n\t\t\t\t\t\t\t<div class=\"elementor-container elementor-column-gap-default\">\n\t\t\t\t\t<div class=\"elementor-column elementor-col-100 elementor-top-column elementor-element elementor-element-542937ab\" data-id=\"542937ab\" data-element_type=\"column\">\n\t\t\t<div class=\"elementor-widget-wrap elementor-element-populated\">\n\t\t\t\t\t\t\t\t<section class=\"elementor-section elementor-inner-section elementor-element elementor-element-729bf920 elementor-section-boxed elementor-section-height-default elementor-section-height-default\" data-id=\"729bf920\" data-element_type=\"section\">\n\t\t\t\t\t\t<div class=\"elementor-container elementor-column-gap-default\">\n\t\t\t\t\t<div class=\"elementor-column elementor-col-100 elementor-inner-column elementor-element elementor-element-464a6881\" data-id=\"464a6881\" data-element_type=\"column\" data-settings=\"{&quot;background_background&quot;:&quot;classic&quot;}\">\n\t\t\t<div class=\"elementor-widget-wrap elementor-element-populated\">\n\t\t\t\t\t\t\t\t<div class=\"elementor-element elementor-element-4355d949 elementor-icon-list--layout-inline elementor-align-center elementor-list-item-link-full_width elementor-widget elementor-widget-icon-list\" data-id=\"4355d949\" data-element_type=\"widget\" data-widget_type=\"icon-list.default\">\n\t\t\t\t<div class=\"elementor-widget-container\">\n\t\t\t<link rel=\"stylesheet\" href=\"https:\/\/coprecubrimientos.com\/wp-content\/plugins\/elementor\/assets\/css\/widget-icon-list.min.css\">\t\t<ul class=\"elementor-icon-list-items elementor-inline-items\">\n\t\t\t\t\t\t\t<li class=\"elementor-icon-list-item elementor-inline-item\">\n\t\t\t\t\t\t\t\t\t\t\t<a href=\"https:\/\/coprecubrimientos.com\/en\/coprecubrimientos.com\/\">\n\n\t\t\t\t\t\t\t\t\t\t\t<span class=\"elementor-icon-list-text\">Home<\/span>\n\t\t\t\t\t\t\t\t\t\t\t<\/a>\n\t\t\t\t\t\t\t\t\t<\/li>\n\t\t\t\t\t\t\t\t<li class=\"elementor-icon-list-item elementor-inline-item\">\n\t\t\t\t\t\t\t\t\t\t\t<span class=\"elementor-icon-list-icon\">\n\t\t\t\t\t\t\t<i aria-hidden=\"true\" class=\"fas fa-chevron-right\"><\/i>\t\t\t\t\t\t<\/span>\n\t\t\t\t\t\t\t\t\t\t<span class=\"elementor-icon-list-text\"><\/span>\n\t\t\t\t\t\t\t\t\t<\/li>\n\t\t\t\t\t\t<\/ul>\n\t\t\t\t<\/div>\n\t\t\t\t<\/div>\n\t\t\t\t\t<\/div>\n\t\t<\/div>\n\t\t\t\t\t\t\t<\/div>\n\t\t<\/section>\n\t\t\t\t\t<\/div>\n\t\t<\/div>\n\t\t\t\t\t\t\t<\/div>\n\t\t<\/section>\n\t\t\t\t<section class=\"elementor-section elementor-top-section elementor-element elementor-element-de104fd elementor-section-boxed elementor-section-height-default elementor-section-height-default\" data-id=\"de104fd\" data-element_type=\"section\">\n\t\t\t\t\t\t<div class=\"elementor-container elementor-column-gap-default\">\n\t\t\t\t\t<div class=\"elementor-column elementor-col-100 elementor-top-column elementor-element elementor-element-408124c\" data-id=\"408124c\" data-element_type=\"column\">\n\t\t\t<div class=\"elementor-widget-wrap elementor-element-populated\">\n\t\t\t\t\t\t\t\t<div class=\"elementor-element elementor-element-de7dcc3 elementor-widget elementor-widget-text-editor\" data-id=\"de7dcc3\" data-element_type=\"widget\" data-widget_type=\"text-editor.default\">\n\t\t\t\t<div class=\"elementor-widget-container\">\n\t\t\t<style>\/*! elementor - v3.18.0 - 20-12-2023 *\/\n.elementor-widget-text-editor.elementor-drop-cap-view-stacked .elementor-drop-cap{background-color:#69727d;color:#fff}.elementor-widget-text-editor.elementor-drop-cap-view-framed .elementor-drop-cap{color:#69727d;border:3px solid;background-color:transparent}.elementor-widget-text-editor:not(.elementor-drop-cap-view-default) .elementor-drop-cap{margin-top:8px}.elementor-widget-text-editor:not(.elementor-drop-cap-view-default) .elementor-drop-cap-letter{width:1em;height:1em}.elementor-widget-text-editor .elementor-drop-cap{float:left;text-align:center;line-height:1;font-size:50px}.elementor-widget-text-editor .elementor-drop-cap-letter{display:inline-block}<\/style>\t\t\t\t<strong><span><\/span>\n<strong><span style=\"font-family: 'Arial',sans-serif; color: black;\">Privacy Policy<\/span><\/strong>\n<br><br>\n<p style=\"text-align: justify;\"><span style=\"font-family: 'Arial',sans-serif; color: black;\">The present Privacy Policy establishes the terms in which COP RECUBRIMIENTOS SA DE CV uses and protects the information provided by its users when using their website. This company is committed to the security of user data. When we ask to fill the fields of personal information with which you can be identified, we do so by ensuring that it will only be used in accordance with the terms of this document. However, this Privacy Policy may change over time or be updated, therefore we recommend and emphasize to continuously review this webpage to make sure you agree with such changes.<\/span><\/p>\n<strong><span style=\"font-family: 'Arial',sans-serif; color: black;\">Collected Information<\/span><\/strong><br><br>\n<p style=\"text-align: justify;\"><span style=\"font-family: 'Arial',sans-serif; color: black;\">Our website will collect personal information such as: Name, Contact Information (email and demographic information). In addition, when necessary, specific information may be required to process certain order or to make a delivery or billing.<\/span><\/p>\n<strong><span style=\"font-family: 'Arial',sans-serif; color: black;\">Use of the Collected Information<\/span><\/strong><br><br>\n<p style=\"text-align: justify;\"><span style=\"font-family: 'Arial',sans-serif; color: black;\">Our website uses the information in order to provide the best possible service, particularly to maintain a register of users, orders should it apply, and to improve our products and services. It is possible that emails are sent from time to time through our website with special offers, new products and any other advertising information considered important for you or that may bring you some benefit, these emails will be sent to the address you provide and can be cancelled in any moment.<\/span><\/p>\n<span style=\"text-align: justify; font-family: 'Arial',sans-serif; color: black;\">COP RECUBRIEMIENTOS SA DE CV is highly compromised to comply with the compromise of keeping your information safe. We use the most advanced systems and are constantly updated to ensure there is no unauthorised access.<\/span>\n<br><br>\n<strong><span style=\"font-family: 'Arial',sans-serif; color: black;\">Cookies<\/span><\/strong><br><br>\n<p style=\"text-align: justify;\"><span style=\"font-family: 'Arial',sans-serif; color: black;\">A cookie refers to a file that is sent for the purpose of requesting permission to store it on your computer, by accepting, this file is created and the cookie works for obtaining information about web traffic and also facilitates future visits to a recurrent web. Another function of the cookies is that they can recognise you individually and there for provided the best personalised service of the web.<\/span><\/p>\n<p style=\"text-align: justify;\"><span style=\"font-family: 'Arial',sans-serif; color: black;\">Our site uses cookies to identify the visited websites and the frequency. This information is only used for statistical analysis and afterwards the information is deleted permanently. You can remove the cookies at any time from your computer. However, the cookies help to provide a better web service, these do not give Access to the information within your computer nor personal information, unless you want it and you <\/span><span style=\"font-family: 'Arial',sans-serif;\">noticias<span style=\"color: black;\">provide it. You can accept or refuse the use of cookies, nonetheless, most browsers accept them automatically. You can also change your computer configuration to decline the cookies. If so, you may not be able to use some of our services.<\/span><\/span><\/p>\n<em><strong><span style=\"font-family: 'Arial',sans-serif; color: black;\">Third party links<\/span><\/strong><\/em><br><br>\n<p style=\"text-align: justify;\"><span style=\"font-family: 'Arial',sans-serif; color: black;\">This website may contain links to other sites that might be of interest. Once you click them and leave our page, we no longer in control over the site to which you are directed and therefore we are not responsible of the <\/span><span style=\"font-family: 'Arial',sans-serif;\">t\u00e9rminos o privacidad<span style=\"color: black;\"> terms or privacy nor protection of your information on these third party sites. Such sites are subject to their own privacy policies for which it is advisable to consult them to confirm that you agree with them.<\/span><\/span><\/p>\n<strong><span style=\"font-family: 'Arial',sans-serif; color: black;\">Control of your Personal Information<\/span><\/strong><br><br>\n<p style=\"text-align: justify;\"><span style=\"font-family: 'Arial',sans-serif; color: black;\">At any time, you can restrict the collection or use of the personal information provided by you to our website. Each time you are solicited to file a form, such as user registration, you can mark or unmark the option to receive information via email. In case you mark the option to receive our newsletter or publicity, you can cancel it any time.<\/span><\/p>\n<p style=\"text-align: justify;\"><span style=\"font-family: 'Arial',sans-serif; color: black;\">This company will not sell, give in nor share the collected personal information without your consent, unless required by a judge with a court order.<\/span><\/p>\n<p style=\"text-align: justify;\"><span style=\"font-family: 'Arial',sans-serif; color: black;\">COP RECUBRIMIENTOS SA DE CV reserves the right to change the terms of this Privacy Policy at any time.<\/span><\/p>\t\t\t\t\t\t<\/div>\n\t\t\t\t<\/div>\n\t\t\t\t\t<\/div>\n\t\t<\/div>\n\t\t\t\t\t\t\t<\/div>\n\t\t<\/section>\n\t\t\t\t\t\t\t<\/div>","protected":false},"excerpt":{"rendered":"<p>Home Pol\u00edtica De Privacidad El presente Pol\u00edtica de Privacidad establece los t\u00e9rminos en que COP RECUBRIMIENTOS SA DE CV. usa y protege la informaci\u00f3n que es proporcionada por sus usuarios al momento de utilizar su sitio web. Esta compa\u00f1\u00eda est\u00e1 comprometida con la seguridad de los datos de sus usuarios. Cuando le pedimos llenar los [&hellip;]<\/p>","protected":false},"author":1,"featured_media":36,"parent":0,"menu_order":0,"comment_status":"closed","ping_status":"closed","template":"","meta":[],"yoast_head":"<!-- This site is optimized with the Yoast SEO plugin v19.6.1 - https:\/\/yoast.com\/wordpress\/plugins\/seo\/ -->\n<title>Pol\u00edtica de privacidad -<\/title>\n<meta name=\"description\" content=\"La Pol\u00edtica de Privacidad establece los t\u00e9rminos en que COP RECUBRIMIENTOS SA DE CV. usa y protege la informaci\u00f3n que es proporcionada por sus usuarios.\" \/>\n<meta name=\"robots\" content=\"index, follow, max-snippet:-1, max-image-preview:large, max-video-preview:-1\" \/>\n<link rel=\"canonical\" href=\"https:\/\/coprecubrimientos.com\/en\/politica-de-privacidad\/\" \/>\n<meta property=\"og:locale\" content=\"en_US\" \/>\n<meta property=\"og:type\" content=\"article\" \/>\n<meta property=\"og:title\" content=\"Pol\u00edtica de privacidad -\" \/>\n<meta property=\"og:description\" content=\"La Pol\u00edtica de Privacidad establece los t\u00e9rminos en que COP RECUBRIMIENTOS SA DE CV. usa y protege la informaci\u00f3n que es proporcionada por sus usuarios.\" \/>\n<meta property=\"og:url\" content=\"https:\/\/coprecubrimientos.com\/en\/politica-de-privacidad\/\" \/>\n<meta property=\"article:modified_time\" content=\"2022-03-02T15:34:15+00:00\" \/>\n<meta property=\"og:image\" content=\"https:\/\/coprecubrimientos.com\/wp-content\/uploads\/2021\/11\/people-renovating-the-house-1.jpg\" \/>\n\t<meta property=\"og:image:width\" content=\"2000\" \/>\n\t<meta property=\"og:image:height\" content=\"1469\" \/>\n\t<meta property=\"og:image:type\" content=\"image\/jpeg\" \/>\n<meta name=\"twitter:card\" content=\"summary_large_image\" \/>\n<meta name=\"twitter:label1\" content=\"Est. reading time\" \/>\n\t<meta name=\"twitter:data1\" content=\"4 minutes\" \/>\n<script type=\"application\/ld+json\" class=\"yoast-schema-graph\">{\"@context\":\"https:\/\/schema.org\",\"@graph\":[{\"@type\":\"WebPage\",\"@id\":\"https:\/\/coprecubrimientos.com\/politica-de-privacidad\/\",\"url\":\"https:\/\/coprecubrimientos.com\/politica-de-privacidad\/\",\"name\":\"Pol\u00edtica de privacidad -\",\"isPartOf\":{\"@id\":\"https:\/\/coprecubrimientos.com\/#website\"},\"datePublished\":\"2021-11-02T21:16:30+00:00\",\"dateModified\":\"2022-03-02T15:34:15+00:00\",\"description\":\"La Pol\u00edtica de Privacidad establece los t\u00e9rminos en que COP RECUBRIMIENTOS SA DE CV. usa y protege la informaci\u00f3n que es proporcionada por sus usuarios.\",\"breadcrumb\":{\"@id\":\"https:\/\/coprecubrimientos.com\/politica-de-privacidad\/#breadcrumb\"},\"inLanguage\":\"en-US\",\"potentialAction\":[{\"@type\":\"ReadAction\",\"target\":[\"https:\/\/coprecubrimientos.com\/politica-de-privacidad\/\"]}]},{\"@type\":\"BreadcrumbList\",\"@id\":\"https:\/\/coprecubrimientos.com\/politica-de-privacidad\/#breadcrumb\",\"itemListElement\":[{\"@type\":\"ListItem\",\"position\":1,\"name\":\"Home\",\"item\":\"https:\/\/coprecubrimientos.com\/\"},{\"@type\":\"ListItem\",\"position\":2,\"name\":\"Pol\u00edtica de privacidad\"}]},{\"@type\":\"WebSite\",\"@id\":\"https:\/\/coprecubrimientos.com\/#website\",\"url\":\"https:\/\/coprecubrimientos.com\/\",\"name\":\"\",\"description\":\"\",\"potentialAction\":[{\"@type\":\"SearchAction\",\"target\":{\"@type\":\"EntryPoint\",\"urlTemplate\":\"https:\/\/coprecubrimientos.com\/?s={search_term_string}\"},\"query-input\":\"required name=search_term_string\"}],\"inLanguage\":\"en-US\"}]}<\/script>\n<!-- \/ Yoast SEO plugin. -->","yoast_head_json":{"title":"Pol\u00edtica de privacidad -","description":"La Pol\u00edtica de Privacidad establece los t\u00e9rminos en que COP RECUBRIMIENTOS SA DE CV. usa y protege la informaci\u00f3n que es proporcionada por sus usuarios.","robots":{"index":"index","follow":"follow","max-snippet":"max-snippet:-1","max-image-preview":"max-image-preview:large","max-video-preview":"max-video-preview:-1"},"canonical":"https:\/\/coprecubrimientos.com\/en\/politica-de-privacidad\/","og_locale":"en_US","og_type":"article","og_title":"Pol\u00edtica de privacidad -","og_description":"La Pol\u00edtica de Privacidad establece los t\u00e9rminos en que COP RECUBRIMIENTOS SA DE CV. usa y protege la informaci\u00f3n que es proporcionada por sus usuarios.","og_url":"https:\/\/coprecubrimientos.com\/en\/politica-de-privacidad\/","article_modified_time":"2022-03-02T15:34:15+00:00","og_image":[{"width":2000,"height":1469,"url":"https:\/\/coprecubrimientos.com\/wp-content\/uploads\/2021\/11\/people-renovating-the-house-1.jpg","type":"image\/jpeg"}],"twitter_card":"summary_large_image","twitter_misc":{"Est. reading time":"4 minutes"},"schema":{"@context":"https:\/\/schema.org","@graph":[{"@type":"WebPage","@id":"https:\/\/coprecubrimientos.com\/politica-de-privacidad\/","url":"https:\/\/coprecubrimientos.com\/politica-de-privacidad\/","name":"Pol\u00edtica de privacidad -","isPartOf":{"@id":"https:\/\/coprecubrimientos.com\/#website"},"datePublished":"2021-11-02T21:16:30+00:00","dateModified":"2022-03-02T15:34:15+00:00","description":"La Pol\u00edtica de Privacidad establece los t\u00e9rminos en que COP RECUBRIMIENTOS SA DE CV. usa y protege la informaci\u00f3n que es proporcionada por sus usuarios.","breadcrumb":{"@id":"https:\/\/coprecubrimientos.com\/politica-de-privacidad\/#breadcrumb"},"inLanguage":"en-US","potentialAction":[{"@type":"ReadAction","target":["https:\/\/coprecubrimientos.com\/politica-de-privacidad\/"]}]},{"@type":"BreadcrumbList","@id":"https:\/\/coprecubrimientos.com\/politica-de-privacidad\/#breadcrumb","itemListElement":[{"@type":"ListItem","position":1,"name":"Home","item":"https:\/\/coprecubrimientos.com\/"},{"@type":"ListItem","position":2,"name":"Pol\u00edtica de privacidad"}]},{"@type":"WebSite","@id":"https:\/\/coprecubrimientos.com\/#website","url":"https:\/\/coprecubrimientos.com\/","name":"","description":"","potentialAction":[{"@type":"SearchAction","target":{"@type":"EntryPoint","urlTemplate":"https:\/\/coprecubrimientos.com\/?s={search_term_string}"},"query-input":"required name=search_term_string"}],"inLanguage":"en-US"}]}},"_links":{"self":[{"href":"https:\/\/coprecubrimientos.com\/en\/wp-json\/wp\/v2\/pages\/112"}],"collection":[{"href":"https:\/\/coprecubrimientos.com\/en\/wp-json\/wp\/v2\/pages"}],"about":[{"href":"https:\/\/coprecubrimientos.com\/en\/wp-json\/wp\/v2\/types\/page"}],"author":[{"embeddable":true,"href":"https:\/\/coprecubrimientos.com\/en\/wp-json\/wp\/v2\/users\/1"}],"replies":[{"embeddable":true,"href":"https:\/\/coprecubrimientos.com\/en\/wp-json\/wp\/v2\/comments?post=112"}],"version-history":[{"count":99,"href":"https:\/\/coprecubrimientos.com\/en\/wp-json\/wp\/v2\/pages\/112\/revisions"}],"predecessor-version":[{"id":4387,"href":"https:\/\/coprecubrimientos.com\/en\/wp-json\/wp\/v2\/pages\/112\/revisions\/4387"}],"wp:featuredmedia":[{"embeddable":true,"href":"https:\/\/coprecubrimientos.com\/en\/wp-json\/wp\/v2\/media\/36"}],"wp:attachment":[{"href":"https:\/\/coprecubrimientos.com\/en\/wp-json\/wp\/v2\/media?parent=112"}],"curies":[{"name":"wp","href":"https:\/\/api.w.org\/{rel}","templated":true}]}}